{"id":52093,"date":"2024-03-12T19:00:56","date_gmt":"2024-09-13T11:29:45","guid":{"rendered":"https:\/\/staging.nbg.eu\/product\/bore-tech-rimfire-blend\/"},"modified":"2024-09-13T11:30:35","modified_gmt":"2024-09-13T11:30:35","slug":"bore-tech-randtulejaudituse-segu","status":"publish","type":"product","link":"https:\/\/staging.nbg.eu\/et\/toode\/bore-tech-randtulejaudituse-segu\/","title":{"rendered":"Bore Tech randtulejaudituse segu"},"content":{"rendered":"<div class=\"product-description\">\n<h2>Bore Tech v\u00e4ikesekaliibrilise relva puhastusvahend<\/h2>\n<p>Spetsiaalselt v\u00e4ikesekaliibriliste relvade jaoks loodud puhastusvahend eemaldab t\u00f5husalt plii, p\u00fcssirohu j\u00e4\u00e4gid ja kuuli vaha.<\/p>\n<ul>\n<li>Ammoniaagivaba ja l\u00f5hnatu<\/li>\n<li>100% biolagunev<\/li>\n<li>Eemaldab plii, vaha ja tahma kihid<\/li>\n<li>Vajab minimaalselt harjamist<\/li>\n<li>Ohutu k\u00f5ikidele rauat\u00fc\u00fcpidele<\/li>\n<\/ul>\n<p>Bore Tech&#8217;i spetsiaalse puhastusseeria toode.<\/p>\n<\/div>\n","protected":false},"excerpt":{"rendered":"<p>T\u00f5hus vintraua puhastaja eemaldab plii, vaha ja tahma. Ammoniaagivaba.<\/p>\n","protected":false},"featured_media":52094,"template":"","meta":{"_acf_changed":false},"product_brand":[11150],"product_cat":[1893,1418],"product_tag":[],"class_list":{"0":"post-52093","1":"product","2":"type-product","3":"status-publish","4":"has-post-thumbnail","6":"product_brand-boretech","7":"product_cat-cleaners-et","8":"product_cat-maintenance-et","10":"first","11":"instock","12":"taxable","13":"shipping-taxable","14":"purchasable","15":"product-type-variable","16":"wvs-archive-product-wrapper"},"acf":[],"_links":{"self":[{"href":"https:\/\/staging.nbg.eu\/et\/wp-json\/wp\/v2\/product\/52093","targetHints":{"allow":["GET"]}}],"collection":[{"href":"https:\/\/staging.nbg.eu\/et\/wp-json\/wp\/v2\/product"}],"about":[{"href":"https:\/\/staging.nbg.eu\/et\/wp-json\/wp\/v2\/types\/product"}],"wp:featuredmedia":[{"embeddable":true,"href":"https:\/\/staging.nbg.eu\/et\/wp-json\/wp\/v2\/media\/52094"}],"wp:attachment":[{"href":"https:\/\/staging.nbg.eu\/et\/wp-json\/wp\/v2\/media?parent=52093"}],"wp:term":[{"taxonomy":"product_brand","embeddable":true,"href":"https:\/\/staging.nbg.eu\/et\/wp-json\/wp\/v2\/product_brand?post=52093"},{"taxonomy":"product_cat","embeddable":true,"href":"https:\/\/staging.nbg.eu\/et\/wp-json\/wp\/v2\/product_cat?post=52093"},{"taxonomy":"product_tag","embeddable":true,"href":"https:\/\/staging.nbg.eu\/et\/wp-json\/wp\/v2\/product_tag?post=52093"}],"curies":[{"name":"wp","href":"https:\/\/api.w.org\/{rel}","templated":true}]}}