{"id":51783,"date":"2024-03-13T05:48:23","date_gmt":"2024-03-13T05:48:23","guid":{"rendered":"https:\/\/staging.nbg.eu\/product\/bore-tech-c4-carbon-remover-4-oz\/"},"modified":"2024-09-13T10:07:27","modified_gmt":"2024-09-13T10:07:27","slug":"bore-tech-c4-suesiniku-eemaldaja-4-untsi","status":"publish","type":"product","link":"https:\/\/staging.nbg.eu\/et\/toode\/bore-tech-c4-suesiniku-eemaldaja-4-untsi\/","title":{"rendered":"Bore Tech C4 s\u00fcsiniku eemaldaja &#8211; 4 untsi"},"content":{"rendered":"<div class=\"product-description\">\n<h2>Bore Tech C4 s\u00fcsiniku eemaldi &#8211; 4 untsi<\/h2>\n<p>Bore Tech C4 s\u00fcsiniku eemaldi eemaldab s\u00fcsiniku ladestused. See on ohutu, mittetoksiline ja l\u00f5hnatu. Sobib kasutamiseks relvatorudes, lukuraami ja muude osade puhastamiseks. Toode on 100% ohutu relvaraudadele ja ei sisalda ammoniaaki.<\/p>\n<\/div>\n","protected":false},"excerpt":{"rendered":"<p>V\u00f5imas ja ohutu s\u00fcsiniku eemaldaja tulirelvadele. Kiire ja t\u00f5hus.<\/p>\n","protected":false},"featured_media":51784,"template":"","meta":{"_acf_changed":false},"product_brand":[11150],"product_cat":[1893,1418],"product_tag":[],"class_list":{"0":"post-51783","1":"product","2":"type-product","3":"status-publish","4":"has-post-thumbnail","6":"product_brand-boretech","7":"product_cat-cleaners-et","8":"product_cat-maintenance-et","10":"first","11":"instock","12":"taxable","13":"shipping-taxable","14":"purchasable","15":"product-type-variable","16":"wvs-archive-product-wrapper"},"acf":[],"_links":{"self":[{"href":"https:\/\/staging.nbg.eu\/et\/wp-json\/wp\/v2\/product\/51783","targetHints":{"allow":["GET"]}}],"collection":[{"href":"https:\/\/staging.nbg.eu\/et\/wp-json\/wp\/v2\/product"}],"about":[{"href":"https:\/\/staging.nbg.eu\/et\/wp-json\/wp\/v2\/types\/product"}],"wp:featuredmedia":[{"embeddable":true,"href":"https:\/\/staging.nbg.eu\/et\/wp-json\/wp\/v2\/media\/51784"}],"wp:attachment":[{"href":"https:\/\/staging.nbg.eu\/et\/wp-json\/wp\/v2\/media?parent=51783"}],"wp:term":[{"taxonomy":"product_brand","embeddable":true,"href":"https:\/\/staging.nbg.eu\/et\/wp-json\/wp\/v2\/product_brand?post=51783"},{"taxonomy":"product_cat","embeddable":true,"href":"https:\/\/staging.nbg.eu\/et\/wp-json\/wp\/v2\/product_cat?post=51783"},{"taxonomy":"product_tag","embeddable":true,"href":"https:\/\/staging.nbg.eu\/et\/wp-json\/wp\/v2\/product_tag?post=51783"}],"curies":[{"name":"wp","href":"https:\/\/api.w.org\/{rel}","templated":true}]}}