{"id":51650,"date":"2024-03-14T09:15:35","date_gmt":"2024-09-13T10:04:54","guid":{"rendered":"https:\/\/staging.nbg.eu\/product\/boretech-nylon-chamber-brush-multiple-calibers\/"},"modified":"2024-09-13T10:05:40","modified_gmt":"2024-09-13T10:05:40","slug":"boretech-nailon-kambrihari-mitu-kaliibrit","status":"publish","type":"product","link":"https:\/\/staging.nbg.eu\/et\/toode\/boretech-nailon-kambrihari-mitu-kaliibrit\/","title":{"rendered":"BoreTech nailon kambrihari (mitu kaliibrit)"},"content":{"rendered":"<div class=\"product-description\">\n<h2>BoreTech nailonist padrunipesa hari (erinevad kaliibrid)<\/h2>\n<p>Bore Tech&#8217;i nailonist padrunipesa harjad on ohutud ja t\u00f5husad. Need harjad sisaldavad:<\/p>\n<ul>\n<li>Sobivus kiiresti toimivate vasepuhastusvahenditega<\/li>\n<li>T\u00e4iendavad nailonharjased<\/li>\n<li>Iga kaliibri jaoks kohandatud harjaste l\u00e4bim\u00f5\u00f5dud<\/li>\n<li>Mitte-messingist, topeltkeermega harja s\u00fcdamik koos aasaga<\/li>\n<li>Lennukikvaliteediga alumiiniumist tihvtid<\/li>\n<\/ul>\n<p>V\u00e4ldib valeviiteid vase m\u00e4\u00e4rdumisele ja siniseid laike, mis on seotud fosforbronksharjadega. Saadaval \u00fcksikpakenditena .223\/5.56mm AR-15 ja .308\/7.62mm AR-10 jaoks.<\/p>\n<p>Bore Tech v\u00f5imaldab kiiremat ja t\u00f5husamat padrunipesa puhastamist, kahjustamata teie tulirelva.<\/p>\n<\/div>\n","protected":false},"excerpt":{"rendered":"<p>Ohutu ja vastupidav nailonist relvapuhastushari t\u00f5husaks relva puhastamiseks.<\/p>\n","protected":false},"featured_media":51651,"template":"","meta":{"_acf_changed":false},"product_brand":[11150],"product_cat":[1417,1418],"product_tag":[],"class_list":{"0":"post-51650","1":"product","2":"type-product","3":"status-publish","4":"has-post-thumbnail","6":"product_brand-boretech","7":"product_cat-brushes-et","8":"product_cat-maintenance-et","9":"pa_model-ar-10-et","10":"pa_model-ar-15-et","12":"first","13":"instock","14":"taxable","15":"shipping-taxable","16":"purchasable","17":"product-type-variable","18":"wvs-archive-product-wrapper"},"acf":[],"_links":{"self":[{"href":"https:\/\/staging.nbg.eu\/et\/wp-json\/wp\/v2\/product\/51650","targetHints":{"allow":["GET"]}}],"collection":[{"href":"https:\/\/staging.nbg.eu\/et\/wp-json\/wp\/v2\/product"}],"about":[{"href":"https:\/\/staging.nbg.eu\/et\/wp-json\/wp\/v2\/types\/product"}],"wp:featuredmedia":[{"embeddable":true,"href":"https:\/\/staging.nbg.eu\/et\/wp-json\/wp\/v2\/media\/51651"}],"wp:attachment":[{"href":"https:\/\/staging.nbg.eu\/et\/wp-json\/wp\/v2\/media?parent=51650"}],"wp:term":[{"taxonomy":"product_brand","embeddable":true,"href":"https:\/\/staging.nbg.eu\/et\/wp-json\/wp\/v2\/product_brand?post=51650"},{"taxonomy":"product_cat","embeddable":true,"href":"https:\/\/staging.nbg.eu\/et\/wp-json\/wp\/v2\/product_cat?post=51650"},{"taxonomy":"product_tag","embeddable":true,"href":"https:\/\/staging.nbg.eu\/et\/wp-json\/wp\/v2\/product_tag?post=51650"}],"curies":[{"name":"wp","href":"https:\/\/api.w.org\/{rel}","templated":true}]}}