{"id":51517,"date":"2024-03-15T05:39:44","date_gmt":"2024-09-13T09:59:11","guid":{"rendered":"https:\/\/staging.nbg.eu\/product\/bore-tech-bullet-knock-out-set\/"},"modified":"2024-09-13T09:59:55","modified_gmt":"2024-09-13T09:59:55","slug":"bore-tech-bullet-knock-out-komplekt","status":"publish","type":"product","link":"https:\/\/staging.nbg.eu\/et\/toode\/bore-tech-bullet-knock-out-komplekt\/","title":{"rendered":"# Bore Tech Bullet Knock-out komplekt"},"content":{"rendered":"<p><strong>Bore Tech kuuli eemaldamise komplekt<\/strong> on t\u00f6\u00f6riist laskuritele. Komplekt sisaldab 4 t\u00f6\u00f6deldud messingotsa, mis on m\u00f5eldud kinnij\u00e4\u00e4nud kuulide v\u00f5i padrunite ohutuks eemaldamiseks ilma puhastusvarrast kahjustamata. Sobib p\u00fcssidele ja p\u00fcstolitele kaliibriga .17 kuni .50.<\/p>\n","protected":false},"excerpt":{"rendered":"<p>H\u00e4davajalik t\u00f6\u00f6riist kinni j\u00e4\u00e4nud kuulide eemaldamiseks. 4 messingist otsakut, kaliibrid .17-.50.<\/p>\n","protected":false},"featured_media":51518,"template":"","meta":{"_acf_changed":false},"product_brand":[11150],"product_cat":[1417,1418],"product_tag":[],"class_list":{"0":"post-51517","1":"product","2":"type-product","3":"status-publish","4":"has-post-thumbnail","6":"product_brand-boretech","7":"product_cat-brushes-et","8":"product_cat-maintenance-et","10":"first","11":"instock","12":"taxable","13":"shipping-taxable","14":"purchasable","15":"product-type-simple"},"acf":[],"_links":{"self":[{"href":"https:\/\/staging.nbg.eu\/et\/wp-json\/wp\/v2\/product\/51517","targetHints":{"allow":["GET"]}}],"collection":[{"href":"https:\/\/staging.nbg.eu\/et\/wp-json\/wp\/v2\/product"}],"about":[{"href":"https:\/\/staging.nbg.eu\/et\/wp-json\/wp\/v2\/types\/product"}],"wp:featuredmedia":[{"embeddable":true,"href":"https:\/\/staging.nbg.eu\/et\/wp-json\/wp\/v2\/media\/51518"}],"wp:attachment":[{"href":"https:\/\/staging.nbg.eu\/et\/wp-json\/wp\/v2\/media?parent=51517"}],"wp:term":[{"taxonomy":"product_brand","embeddable":true,"href":"https:\/\/staging.nbg.eu\/et\/wp-json\/wp\/v2\/product_brand?post=51517"},{"taxonomy":"product_cat","embeddable":true,"href":"https:\/\/staging.nbg.eu\/et\/wp-json\/wp\/v2\/product_cat?post=51517"},{"taxonomy":"product_tag","embeddable":true,"href":"https:\/\/staging.nbg.eu\/et\/wp-json\/wp\/v2\/product_tag?post=51517"}],"curies":[{"name":"wp","href":"https:\/\/api.w.org\/{rel}","templated":true}]}}