{"id":51447,"date":"2024-03-15T06:18:52","date_gmt":"2024-09-13T09:56:53","guid":{"rendered":"https:\/\/staging.nbg.eu\/product\/bore-tech-chameleon-gel-2-oz-tube\/"},"modified":"2024-09-13T09:57:38","modified_gmt":"2024-09-13T09:57:38","slug":"bore-tech-chameleon-geel-2-untsi-tuub","status":"publish","type":"product","link":"https:\/\/staging.nbg.eu\/et\/toode\/bore-tech-chameleon-geel-2-untsi-tuub\/","title":{"rendered":"Bore Tech Chameleon Geel 2 Untsi Tuub"},"content":{"rendered":"<h2>Bore Tech Chameleon Gel (2 untsi tuub)<\/h2>\n<p>Bore Tech Chameleon Gel\u2122 on patenteeritud puhastusgeel ja poleeraine tulirelvadele. See v\u00e4rvi muutev geel eemaldab s\u00fcsiniku, vase, plii ja mol\u00fcbdeeni j\u00e4\u00e4gid, j\u00e4ttes relvaraua puhtaks.<\/p>\n<ul>\n<li>L\u00f5hnatu ja biolagunev<\/li>\n<li>Ohutu k\u00f5igile relvaraua t\u00fc\u00fcpidele<\/li>\n<li>Ei vaja segamist<\/li>\n<li>Geeli koostis<\/li>\n<li>V\u00e4rvuse muutumise tehnoloogia t\u00e4pseks puhastamiseks<\/li>\n<\/ul>\n<p>Chameleon Geli koostis muudab v\u00e4rvi vastavalt mustuse t\u00fc\u00fcbile:<\/p>\n<p>Sinine\/roheline: Vask<\/p>\n<p>Must: S\u00fcsinik<\/p>\n<p>Hall: Plii\/mol\u00fcbdeen<\/p>\n<p>Valge: Puhas relvaraud<\/p>\n<p>S\u00e4ilitage oma tulirelva t\u00f6\u00f6korras selle puhastuslahusega. 2-untsine tuub.<\/p>\n","protected":false},"excerpt":{"rendered":"<p>V\u00e4rvi muutev geelpuhasti eemaldab relvatorudest sadestunud mustuse.<\/p>\n","protected":false},"featured_media":51448,"template":"","meta":{"_acf_changed":false},"product_brand":[11150],"product_cat":[1893,1418],"product_tag":[],"class_list":{"0":"post-51447","1":"product","2":"type-product","3":"status-publish","4":"has-post-thumbnail","6":"product_brand-boretech","7":"product_cat-cleaners-et","8":"product_cat-maintenance-et","10":"first","11":"instock","12":"taxable","13":"shipping-taxable","14":"purchasable","15":"product-type-simple"},"acf":[],"_links":{"self":[{"href":"https:\/\/staging.nbg.eu\/et\/wp-json\/wp\/v2\/product\/51447","targetHints":{"allow":["GET"]}}],"collection":[{"href":"https:\/\/staging.nbg.eu\/et\/wp-json\/wp\/v2\/product"}],"about":[{"href":"https:\/\/staging.nbg.eu\/et\/wp-json\/wp\/v2\/types\/product"}],"wp:featuredmedia":[{"embeddable":true,"href":"https:\/\/staging.nbg.eu\/et\/wp-json\/wp\/v2\/media\/51448"}],"wp:attachment":[{"href":"https:\/\/staging.nbg.eu\/et\/wp-json\/wp\/v2\/media?parent=51447"}],"wp:term":[{"taxonomy":"product_brand","embeddable":true,"href":"https:\/\/staging.nbg.eu\/et\/wp-json\/wp\/v2\/product_brand?post=51447"},{"taxonomy":"product_cat","embeddable":true,"href":"https:\/\/staging.nbg.eu\/et\/wp-json\/wp\/v2\/product_cat?post=51447"},{"taxonomy":"product_tag","embeddable":true,"href":"https:\/\/staging.nbg.eu\/et\/wp-json\/wp\/v2\/product_tag?post=51447"}],"curies":[{"name":"wp","href":"https:\/\/api.w.org\/{rel}","templated":true}]}}