{"id":51328,"date":"2024-03-15T07:47:20","date_gmt":"2024-09-13T09:49:40","guid":{"rendered":"https:\/\/staging.nbg.eu\/product\/boretech-eliminator-4-oz\/"},"modified":"2024-09-13T09:50:30","modified_gmt":"2024-09-13T09:50:30","slug":"boretech-eliminator-4-untsi","status":"publish","type":"product","link":"https:\/\/staging.nbg.eu\/et\/toode\/boretech-eliminator-4-untsi\/","title":{"rendered":"BoreTech Eliminator 4 Untsi"},"content":{"rendered":"<div class=\"product-description\">\n<h2>BoreTech Eliminator &#8211; 118 ml<\/h2>\n<p>BoreTech Eliminator\u2122 relva puhastusaine on patenteeritud, kiirelt toimiv ja rauaohutut valemit kasutav toode. Peamised omadused:<\/p>\n<ul>\n<li>100% rauaohutud ja biolagunevad<\/li>\n<li>Ammoniaagivaba ja l\u00f5hnatu<\/li>\n<li>Eemaldab kiiresti s\u00fcsiniku, vase, plii ja korrodeerivad j\u00e4\u00e4gid<\/li>\n<li>Mitteohtlik ja kasutajas\u00f5bralik<\/li>\n<\/ul>\n<p>Eliminator&#8217;i keemiliste pindaktiivsete ainete segu l\u00f5dvestab s\u00fcsinikuj\u00e4\u00e4ke ja samal ajal oks\u00fcdeerib ja suspendeerib vasesaaste. See takistab saaste uuesti ladestumist ja tagab p\u00f5hjaliku puhastuse.<\/p>\n<h3>Kasutusjuhend:<\/h3>\n<ol>\n<li>Niisutage 3-4 lappi Eliminator&#8217;iga ja l\u00fckake need \u00fches suunas l\u00e4bi raua<\/li>\n<li>Tehke 10-15 k\u00e4iku niisutatud nailonharjaga<\/li>\n<li>Korrake sammu 1 ja laske 3-5 minutit seista<\/li>\n<li>L\u00fckake kuivad lapid l\u00e4bi, kuni raud on puhas<\/li>\n<li>Vajadusel korrake<\/li>\n<li>Kandke peale Bore Tech Friction Guard XP relva\u00f5li s\u00e4ilitamiseks<\/li>\n<li>Enne kasutamist t\u00f5mmake l\u00e4bi kuiv lapp<\/li>\n<\/ol>\n<p>BoreTech Eliminator on t\u00f5hus puhastusaine relvatorude jaoks.<\/p>\n<\/div>\n","protected":false},"excerpt":{"rendered":"<p>BoreTech Eliminator: Ohutu, v\u00f5imas relvaraua puhastaja. Eemaldab tahma ja mustuse.<\/p>\n","protected":false},"featured_media":70974,"template":"","meta":{"_acf_changed":false},"product_brand":[11150],"product_cat":[1893,1418],"product_tag":[],"class_list":{"0":"post-51328","1":"product","2":"type-product","3":"status-publish","4":"has-post-thumbnail","6":"product_brand-boretech","7":"product_cat-cleaners-et","8":"product_cat-maintenance-et","10":"first","11":"instock","12":"taxable","13":"shipping-taxable","14":"purchasable","15":"product-type-variable","16":"wvs-archive-product-wrapper"},"acf":[],"_links":{"self":[{"href":"https:\/\/staging.nbg.eu\/et\/wp-json\/wp\/v2\/product\/51328","targetHints":{"allow":["GET"]}}],"collection":[{"href":"https:\/\/staging.nbg.eu\/et\/wp-json\/wp\/v2\/product"}],"about":[{"href":"https:\/\/staging.nbg.eu\/et\/wp-json\/wp\/v2\/types\/product"}],"wp:featuredmedia":[{"embeddable":true,"href":"https:\/\/staging.nbg.eu\/et\/wp-json\/wp\/v2\/media\/70974"}],"wp:attachment":[{"href":"https:\/\/staging.nbg.eu\/et\/wp-json\/wp\/v2\/media?parent=51328"}],"wp:term":[{"taxonomy":"product_brand","embeddable":true,"href":"https:\/\/staging.nbg.eu\/et\/wp-json\/wp\/v2\/product_brand?post=51328"},{"taxonomy":"product_cat","embeddable":true,"href":"https:\/\/staging.nbg.eu\/et\/wp-json\/wp\/v2\/product_cat?post=51328"},{"taxonomy":"product_tag","embeddable":true,"href":"https:\/\/staging.nbg.eu\/et\/wp-json\/wp\/v2\/product_tag?post=51328"}],"curies":[{"name":"wp","href":"https:\/\/api.w.org\/{rel}","templated":true}]}}