{"id":51224,"date":"2024-03-15T17:11:28","date_gmt":"2024-03-15T17:11:28","guid":{"rendered":"https:\/\/staging.nbg.eu\/product\/bore-tech-bore-guide-bolt-action-centerfire-8mm-416-cal\/"},"modified":"2024-09-13T09:47:37","modified_gmt":"2024-09-13T09:47:37","slug":"bore-tech-kanali-juht-lukksulgur-kesktulistusrelvale-8mm416-cal","status":"publish","type":"product","link":"https:\/\/staging.nbg.eu\/et\/toode\/bore-tech-kanali-juht-lukksulgur-kesktulistusrelvale-8mm416-cal\/","title":{"rendered":"Bore Tech Kanali Juht Lukksulgur Kesktulistusrelvale 8mm\/416 Cal"},"content":{"rendered":"<div class=\"product-description\">\n<h2>Bore Tech rauajuhik &#8211; P\u00fcssipolt kesktulelaskemoon (8mm\/.416 Cal)<\/h2>\n<p>Bore Tech rauajuhik p\u00fcssipolt kesktulelaskemoonaga relvadele tagab:<\/p>\n<ul>\n<li>Puhastusvarraste t\u00e4pse joondamise rauaga<\/li>\n<li>Relva ja puhastusvarrase kahjustamise v\u00e4ltimise<\/li>\n<li>Tihendamise lahustikindlate kummist otsikutega<\/li>\n<li>Rauapuhastaja lekkimise v\u00e4ltimise padrunipessa ja lukku<\/li>\n<\/ul>\n<p>Omadused:<\/p>\n<ul>\n<li>CNC-t\u00f6\u00f6deldud ja survevalatud komponendid<\/li>\n<li>Roheline v\u00e4rvkood 8mm kuni .416 kaliibritele<\/li>\n<li>Sobib enamikule p\u00fcssipoldiga relvadele<\/li>\n<li>Laiendatud lahustiavad<\/li>\n<li>Reguleeritav poldikrae l\u00fchikestele ja pikkadele lukustuss\u00fcsteemidele<\/li>\n<\/ul>\n<p>Bore Tech rauajuhik on m\u00f5eldud relva hooldamiseks.<\/p>\n<\/div>\n","protected":false},"excerpt":{"rendered":"<p>T\u00e4pne puhastust\u00f6\u00f6riist 8mm-.416 vintraudsetele p\u00fcssidele. Hoiab \u00e4ra kahjustusi.<\/p>\n","protected":false},"featured_media":51225,"template":"","meta":{"_acf_changed":false},"product_brand":[11150],"product_cat":[1872,1418],"product_tag":[],"class_list":{"0":"post-51224","1":"product","2":"type-product","3":"status-publish","4":"has-post-thumbnail","6":"product_brand-boretech","7":"product_cat-cleaning-rods-et","8":"product_cat-maintenance-et","10":"first","11":"instock","12":"taxable","13":"shipping-taxable","14":"purchasable","15":"product-type-variable","16":"wvs-archive-product-wrapper"},"acf":[],"_links":{"self":[{"href":"https:\/\/staging.nbg.eu\/et\/wp-json\/wp\/v2\/product\/51224","targetHints":{"allow":["GET"]}}],"collection":[{"href":"https:\/\/staging.nbg.eu\/et\/wp-json\/wp\/v2\/product"}],"about":[{"href":"https:\/\/staging.nbg.eu\/et\/wp-json\/wp\/v2\/types\/product"}],"wp:featuredmedia":[{"embeddable":true,"href":"https:\/\/staging.nbg.eu\/et\/wp-json\/wp\/v2\/media\/51225"}],"wp:attachment":[{"href":"https:\/\/staging.nbg.eu\/et\/wp-json\/wp\/v2\/media?parent=51224"}],"wp:term":[{"taxonomy":"product_brand","embeddable":true,"href":"https:\/\/staging.nbg.eu\/et\/wp-json\/wp\/v2\/product_brand?post=51224"},{"taxonomy":"product_cat","embeddable":true,"href":"https:\/\/staging.nbg.eu\/et\/wp-json\/wp\/v2\/product_cat?post=51224"},{"taxonomy":"product_tag","embeddable":true,"href":"https:\/\/staging.nbg.eu\/et\/wp-json\/wp\/v2\/product_tag?post=51224"}],"curies":[{"name":"wp","href":"https:\/\/api.w.org\/{rel}","templated":true}]}}