{"id":50930,"date":"2024-01-30T18:05:11","date_gmt":"2024-09-13T09:11:57","guid":{"rendered":"https:\/\/staging.nbg.eu\/product\/blue-force-gear-vickers-padded-sling\/"},"modified":"2024-10-30T09:09:04","modified_gmt":"2024-10-30T09:09:04","slug":"blue-force-gear-vickers-polsterdatud-rihm","status":"publish","type":"product","link":"https:\/\/staging.nbg.eu\/et\/toode\/blue-force-gear-vickers-polsterdatud-rihm\/","title":{"rendered":"Blue Force Gear Vickers Polsterdatud Rihm"},"content":{"rendered":"<h2>Blue Force Gear Vickers Polsterdatud Rihm<\/h2>\n<p>Vickers Polsterdatud Lahingrakenduste Rihm\u2122. V\u00e4lja t\u00f6\u00f6tatud koost\u00f6\u00f6s Larry Vickersiga, endise 1. SFOD-Delta operatiivliikmega. Seda kiirelt reguleeritavat taktikalist rihma kasutab USA s\u00f5jav\u00e4gi.<\/p>\n<h2>P\u00f5hiomadused:<\/h2>\n<ul>\n<li>2-tolline sisseehitatud polster<\/li>\n<li>Suletud pooridega vahtkonstruktsioon<\/li>\n<li>Kiirreguleerija pikkuse muutmiseks<\/li>\n<li>Sujuv \u00fcleminek kandeasendist lahinguvalmidusesse<\/li>\n<li>Valmistatud USAs kvaliteetsetest materjalidest<\/li>\n<\/ul>\n<p>Vickers Polsterdatud Rihm \u00fchendab mugavuse ja funktsionaalsuse.<\/p>\n","protected":false},"excerpt":{"rendered":"<p>Kiirelt reguleeritav taktikaline rihm, millel on polsterdatud mugavus relvade jaoks.<\/p>\n","protected":false},"featured_media":50618,"template":"","meta":{"_acf_changed":false},"product_brand":[11132],"product_cat":[542,743],"product_tag":[],"class_list":{"0":"post-50930","1":"product","2":"type-product","3":"status-publish","4":"has-post-thumbnail","6":"product_brand-blue-force-gear","7":"product_cat-gear-et","8":"product_cat-slings-et","10":"first","11":"instock","12":"taxable","13":"shipping-taxable","14":"purchasable","15":"product-type-variable","16":"wvs-archive-product-wrapper"},"acf":[],"_links":{"self":[{"href":"https:\/\/staging.nbg.eu\/et\/wp-json\/wp\/v2\/product\/50930","targetHints":{"allow":["GET"]}}],"collection":[{"href":"https:\/\/staging.nbg.eu\/et\/wp-json\/wp\/v2\/product"}],"about":[{"href":"https:\/\/staging.nbg.eu\/et\/wp-json\/wp\/v2\/types\/product"}],"wp:featuredmedia":[{"embeddable":true,"href":"https:\/\/staging.nbg.eu\/et\/wp-json\/wp\/v2\/media\/50618"}],"wp:attachment":[{"href":"https:\/\/staging.nbg.eu\/et\/wp-json\/wp\/v2\/media?parent=50930"}],"wp:term":[{"taxonomy":"product_brand","embeddable":true,"href":"https:\/\/staging.nbg.eu\/et\/wp-json\/wp\/v2\/product_brand?post=50930"},{"taxonomy":"product_cat","embeddable":true,"href":"https:\/\/staging.nbg.eu\/et\/wp-json\/wp\/v2\/product_cat?post=50930"},{"taxonomy":"product_tag","embeddable":true,"href":"https:\/\/staging.nbg.eu\/et\/wp-json\/wp\/v2\/product_tag?post=50930"}],"curies":[{"name":"wp","href":"https:\/\/api.w.org\/{rel}","templated":true}]}}