{"id":50617,"date":"2024-04-18T08:10:02","date_gmt":"2024-09-13T09:07:59","guid":{"rendered":"https:\/\/staging.nbg.eu\/product\/blue-force-gear-hunting-sling\/"},"modified":"2024-09-13T09:08:50","modified_gmt":"2024-09-13T09:08:50","slug":"blue-force-gear-jahirihm","status":"publish","type":"product","link":"https:\/\/staging.nbg.eu\/et\/toode\/blue-force-gear-jahirihm\/","title":{"rendered":"Blue Force Gear Jahirihm"},"content":{"rendered":"<h2>Blue Force Gear jahirihm<\/h2>\n<p>Blue Force Gear jahirihm on m\u00f5eldud nii p\u00fcssidele kui ka haavlip\u00fcssidele. See rihm \u00fchendab lahingus t\u00f5estatud kvaliteedi kasutusmugavusega ja sobib traditsiooniliste rihmaaasadega.<\/p>\n<h2>Peamised omadused:<\/h2>\n<ul>\n<li>S\u00f5jav\u00e4ekvaliteediga INVISTA\u2122 lahusega v\u00e4rvitud CORDURA\u00ae rihm<\/li>\n<li>Kiiresti reguleeritav 66 cm-st kuni 117 cm-ni<\/li>\n<li>Kaasas kinnitatud k\u00fclgvabastusega p\u00f6\u00f6rdlid<\/li>\n<li>V\u00e4rvikindel ning vastupidav rullumisele, pragunemisele ja k\u00f5vastumisele<\/li>\n<li>Sobib pikkadeks matkadeks ja jahipukki ronimiseks<\/li>\n<\/ul>\n<p>See rihm on vastupidav ja funktsionaalne ning v\u00f5imaldab kergesti liikuda kandeasendist laskeasendisse. Saate hoida relva keha l\u00e4hedal v\u00f5i l\u00f5dvendada kiireks \u00f5lale t\u00f5stmiseks ja tulistamiseks.<\/p>\n","protected":false},"excerpt":{"rendered":"<p>Vastupidav, reguleeritav rihm p\u00fcssidele ja jahip\u00fcssidele. Lihtne kasutada.<\/p>\n","protected":false},"featured_media":50618,"template":"","meta":{"_acf_changed":false},"product_brand":[11132],"product_cat":[542,743],"product_tag":[],"class_list":{"0":"post-50617","1":"product","2":"type-product","3":"status-publish","4":"has-post-thumbnail","6":"product_brand-blue-force-gear","7":"product_cat-gear-et","8":"product_cat-slings-et","10":"first","11":"instock","12":"taxable","13":"shipping-taxable","14":"purchasable","15":"product-type-variable","16":"wvs-archive-product-wrapper"},"acf":[],"_links":{"self":[{"href":"https:\/\/staging.nbg.eu\/et\/wp-json\/wp\/v2\/product\/50617","targetHints":{"allow":["GET"]}}],"collection":[{"href":"https:\/\/staging.nbg.eu\/et\/wp-json\/wp\/v2\/product"}],"about":[{"href":"https:\/\/staging.nbg.eu\/et\/wp-json\/wp\/v2\/types\/product"}],"wp:featuredmedia":[{"embeddable":true,"href":"https:\/\/staging.nbg.eu\/et\/wp-json\/wp\/v2\/media\/50618"}],"wp:attachment":[{"href":"https:\/\/staging.nbg.eu\/et\/wp-json\/wp\/v2\/media?parent=50617"}],"wp:term":[{"taxonomy":"product_brand","embeddable":true,"href":"https:\/\/staging.nbg.eu\/et\/wp-json\/wp\/v2\/product_brand?post=50617"},{"taxonomy":"product_cat","embeddable":true,"href":"https:\/\/staging.nbg.eu\/et\/wp-json\/wp\/v2\/product_cat?post=50617"},{"taxonomy":"product_tag","embeddable":true,"href":"https:\/\/staging.nbg.eu\/et\/wp-json\/wp\/v2\/product_tag?post=50617"}],"curies":[{"name":"wp","href":"https:\/\/api.w.org\/{rel}","templated":true}]}}