{"id":50307,"date":"2024-04-18T10:53:56","date_gmt":"2024-09-13T08:59:06","guid":{"rendered":"https:\/\/staging.nbg.eu\/product\/blue-force-gear-gmt-sling\/"},"modified":"2024-09-13T08:59:57","modified_gmt":"2024-09-13T08:59:57","slug":"blue-force-gear-gmt-rihm","status":"publish","type":"product","link":"https:\/\/staging.nbg.eu\/et\/toode\/blue-force-gear-gmt-rihm\/","title":{"rendered":"Blue Force Gear GMT Rihm"},"content":{"rendered":"<h2>Blue Force Gear GMT rihm<\/h2>\n<p>Blue Force Gear GMT rihm parandab varasemaid rihmadisaine, pakkudes paremat mugavust ja funktsionaalsust.<\/p>\n<h2>Peamised omadused:<\/h2>\n<ul>\n<li>Kohandatud topeltlukustusega pannal, valmistatud vastupidavast klaaskiudnailonist<\/li>\n<li>CORDURA\u00ae nailonist rihm mugavuseks ja takerdumise v\u00e4hendamiseks<\/li>\n<li>Lihtne reguleerimine: t\u00f5mba saba pingutamiseks, haara \u00fcmmargusest nupust l\u00f5dvendamiseks<\/li>\n<li>\u00d5mmeldud stopper saba otsas takistab relva juhuslikku vabanemist<\/li>\n<\/ul>\n<h2>Tehnilised andmed:<\/h2>\n<ul>\n<li>Saadaval 1&#8243; ja 1.25&#8243; rihma laiusega<\/li>\n<li>Sobib erinevate tulirelvadega, alates \u00fclkergetest p\u00fcssidest kuni haavlip\u00fcssideni<\/li>\n<li>Pikkus: 34&#8243; &#8211; 64&#8243;<\/li>\n<li>Riistvara: Klaaskiuga tugevdatud DuPont Zytel\u00ae nailon<\/li>\n<\/ul>\n<p>GMT rihm on j\u00e4rgmine samm taktikaliste rihmade disainis.<\/p>\n","protected":false},"excerpt":{"rendered":"<p>Uuenduslik taktikaline rihm roostevabasest materjalist regulaatori ja mugava rihmaga.<\/p>\n","protected":false},"featured_media":50308,"template":"","meta":{"_acf_changed":false},"product_brand":[11132],"product_cat":[542,743],"product_tag":[],"class_list":{"0":"post-50307","1":"product","2":"type-product","3":"status-publish","4":"has-post-thumbnail","6":"product_brand-blue-force-gear","7":"product_cat-gear-et","8":"product_cat-slings-et","10":"first","11":"instock","12":"taxable","13":"shipping-taxable","14":"purchasable","15":"product-type-variable","16":"wvs-archive-product-wrapper"},"acf":[],"_links":{"self":[{"href":"https:\/\/staging.nbg.eu\/et\/wp-json\/wp\/v2\/product\/50307","targetHints":{"allow":["GET"]}}],"collection":[{"href":"https:\/\/staging.nbg.eu\/et\/wp-json\/wp\/v2\/product"}],"about":[{"href":"https:\/\/staging.nbg.eu\/et\/wp-json\/wp\/v2\/types\/product"}],"wp:featuredmedia":[{"embeddable":true,"href":"https:\/\/staging.nbg.eu\/et\/wp-json\/wp\/v2\/media\/50308"}],"wp:attachment":[{"href":"https:\/\/staging.nbg.eu\/et\/wp-json\/wp\/v2\/media?parent=50307"}],"wp:term":[{"taxonomy":"product_brand","embeddable":true,"href":"https:\/\/staging.nbg.eu\/et\/wp-json\/wp\/v2\/product_brand?post=50307"},{"taxonomy":"product_cat","embeddable":true,"href":"https:\/\/staging.nbg.eu\/et\/wp-json\/wp\/v2\/product_cat?post=50307"},{"taxonomy":"product_tag","embeddable":true,"href":"https:\/\/staging.nbg.eu\/et\/wp-json\/wp\/v2\/product_tag?post=50307"}],"curies":[{"name":"wp","href":"https:\/\/api.w.org\/{rel}","templated":true}]}}