{"id":50092,"date":"2024-04-21T18:34:24","date_gmt":"2024-09-13T08:44:12","guid":{"rendered":"https:\/\/staging.nbg.eu\/product\/blue-force-gear-molded-uwl-black\/"},"modified":"2024-09-13T08:44:54","modified_gmt":"2024-09-13T08:44:54","slug":"blue-force-gear-vormitud-uwl-must","status":"publish","type":"product","link":"https:\/\/staging.nbg.eu\/et\/toode\/blue-force-gear-vormitud-uwl-must\/","title":{"rendered":"Blue Force Gear Vormitud UWL Must"},"content":{"rendered":"<div class=\"product-description\">\n<h2>Blue Force Gear vormitud UWL &#8211; Must<\/h2>\n<p>Vormitud universaalne traatling (UWL) v\u00f5imaldab kinnitada rihmu erinevatele relva kinnituskohtadele. See on m\u00f5eldud kuni 1,25-tollistele rihmadele, sealhulgas Vickersi rihmale, ja sobib kasutamiseks aasade, pilude ja relsiavasidega.<\/p>\n<h3>Peamised omadused:<\/h3>\n<ul>\n<li>S\u00f5jav\u00e4ekvaliteediga nailoniga kaetud lennukikvaliteediga roostevabast terasest kaabel<\/li>\n<li>Vastupidav nailon 6-6 mittepeegelduv korpus<\/li>\n<li>2,55-tolline traatling alusest tipuni<\/li>\n<li>1,25-tolline rihmaling, mis \u00fchildub Vickers Combat Applications rihmas\u00fcsteemidega<\/li>\n<li>Nupuga pesa tavaliste rihmakinnituste jaoks<\/li>\n<li>S\u00f5jav\u00e4e standarditele vastavad kuulk\u00e4epidemeotsad, mis on otse traadi k\u00fclge pressitud lisatugevuse tagamiseks<\/li>\n<\/ul>\n<p>Blue Force Gear vormitud UWL &#8211; Must v\u00f5imaldab mitmek\u00fclgset rihmakinnitust.<\/p>\n<\/div>\n","protected":false},"excerpt":{"rendered":"<p>Mitmek\u00fclgne rihma kinnitus 1,25-tolliste rihmade jaoks. Vastupidav, kerge disain.<\/p>\n","protected":false},"featured_media":50093,"template":"","meta":{"_acf_changed":false},"product_brand":[11132],"product_cat":[542,743],"product_tag":[],"class_list":{"0":"post-50092","1":"product","2":"type-product","3":"status-publish","4":"has-post-thumbnail","6":"product_brand-blue-force-gear","7":"product_cat-gear-et","8":"product_cat-slings-et","10":"first","11":"instock","12":"taxable","13":"shipping-taxable","14":"purchasable","15":"product-type-simple"},"acf":[],"_links":{"self":[{"href":"https:\/\/staging.nbg.eu\/et\/wp-json\/wp\/v2\/product\/50092","targetHints":{"allow":["GET"]}}],"collection":[{"href":"https:\/\/staging.nbg.eu\/et\/wp-json\/wp\/v2\/product"}],"about":[{"href":"https:\/\/staging.nbg.eu\/et\/wp-json\/wp\/v2\/types\/product"}],"wp:featuredmedia":[{"embeddable":true,"href":"https:\/\/staging.nbg.eu\/et\/wp-json\/wp\/v2\/media\/50093"}],"wp:attachment":[{"href":"https:\/\/staging.nbg.eu\/et\/wp-json\/wp\/v2\/media?parent=50092"}],"wp:term":[{"taxonomy":"product_brand","embeddable":true,"href":"https:\/\/staging.nbg.eu\/et\/wp-json\/wp\/v2\/product_brand?post=50092"},{"taxonomy":"product_cat","embeddable":true,"href":"https:\/\/staging.nbg.eu\/et\/wp-json\/wp\/v2\/product_cat?post=50092"},{"taxonomy":"product_tag","embeddable":true,"href":"https:\/\/staging.nbg.eu\/et\/wp-json\/wp\/v2\/product_tag?post=50092"}],"curies":[{"name":"wp","href":"https:\/\/api.w.org\/{rel}","templated":true}]}}