{"id":49368,"date":"2024-07-29T18:42:30","date_gmt":"2024-09-12T16:13:00","guid":{"rendered":"https:\/\/staging.nbg.eu\/product\/large-utility-dapper-pouch\/"},"modified":"2024-09-12T16:13:48","modified_gmt":"2024-09-12T16:13:48","slug":"suur-utiliitne-dapper-tasku","status":"publish","type":"product","link":"https:\/\/staging.nbg.eu\/et\/toode\/suur-utiliitne-dapper-tasku\/","title":{"rendered":"Suur Utiliitne Dapper Tasku"},"content":{"rendered":"<div class=\"product-description\">\n<h2>Suur tarbekauba kott<\/h2>\n<p>Meie suur tarbekauba kott on m\u00f5eldud hoidma enamikku igap\u00e4evaseid esemeid ja varustust. Sobib laadijate, arvutivarustuse, meditsiiniliste tarvikute ja t\u00f6\u00f6riistade jaoks.<\/p>\n<ul>\n<li>Kiire paigaldus ja eemaldamine igalt aaskinnisega pinnalt<\/li>\n<li>Kaks sinist t\u00f5mblukku lihtsamaks juurdep\u00e4\u00e4suks<\/li>\n<li>\u00dclemine kummeeritud k\u00e4epide transportimiseks<\/li>\n<li>L\u00e4bipaistev \u00fclaosa sisu kiireks \u00fclevaatamiseks<\/li>\n<li>Sisemine aasaala t\u00e4iendavate korraldamisv\u00f5imaluste jaoks<\/li>\n<li>Takjakinnitusega erinevatele pindadele kinnitamiseks<\/li>\n<\/ul>\n<p>Sobib kasutamiseks Blue Force Gear seljakottide, Dapper sisendite v\u00f5i kohandatud lahendustega.<\/p>\n<\/div>\n","protected":false},"excerpt":{"rendered":"<p>Mitmek\u00fclgne, eemaldatav tasku igap\u00e4evaste esemete ja oluliste tarvikute jaoks.<\/p>\n","protected":false},"featured_media":49372,"template":"","meta":{"_acf_changed":false},"product_brand":[11132],"product_cat":[542,543],"product_tag":[],"class_list":{"0":"post-49368","1":"product","2":"type-product","3":"status-publish","4":"has-post-thumbnail","6":"product_brand-blue-force-gear","7":"product_cat-gear-et","8":"product_cat-pouches-et","10":"first","11":"instock","12":"taxable","13":"shipping-taxable","14":"purchasable","15":"product-type-simple"},"acf":[],"_links":{"self":[{"href":"https:\/\/staging.nbg.eu\/et\/wp-json\/wp\/v2\/product\/49368","targetHints":{"allow":["GET"]}}],"collection":[{"href":"https:\/\/staging.nbg.eu\/et\/wp-json\/wp\/v2\/product"}],"about":[{"href":"https:\/\/staging.nbg.eu\/et\/wp-json\/wp\/v2\/types\/product"}],"wp:featuredmedia":[{"embeddable":true,"href":"https:\/\/staging.nbg.eu\/et\/wp-json\/wp\/v2\/media\/49372"}],"wp:attachment":[{"href":"https:\/\/staging.nbg.eu\/et\/wp-json\/wp\/v2\/media?parent=49368"}],"wp:term":[{"taxonomy":"product_brand","embeddable":true,"href":"https:\/\/staging.nbg.eu\/et\/wp-json\/wp\/v2\/product_brand?post=49368"},{"taxonomy":"product_cat","embeddable":true,"href":"https:\/\/staging.nbg.eu\/et\/wp-json\/wp\/v2\/product_cat?post=49368"},{"taxonomy":"product_tag","embeddable":true,"href":"https:\/\/staging.nbg.eu\/et\/wp-json\/wp\/v2\/product_tag?post=49368"}],"curies":[{"name":"wp","href":"https:\/\/api.w.org\/{rel}","templated":true}]}}