{"id":49128,"date":"2024-07-29T18:45:25","date_gmt":"2024-09-12T16:08:39","guid":{"rendered":"https:\/\/staging.nbg.eu\/product\/ten-speed-single-m4-mag-pouch\/"},"modified":"2024-09-12T16:09:36","modified_gmt":"2024-09-12T16:09:36","slug":"ten-speed-uehekordne-m4-salvetasku","status":"publish","type":"product","link":"https:\/\/staging.nbg.eu\/et\/toode\/ten-speed-uehekordne-m4-salvetasku\/","title":{"rendered":"Ten-Speed \u00dchekordne M4 Salvetasku"},"content":{"rendered":"<div class=\"product-description\">\n<h2>Ten-Speed\u00ae \u00fche M4 salve tasku<\/h2>\n<p>See kerge tasku mahutab \u00fche M4 salve v\u00f5i sarnase suurusega esemeid. Valmistatud elastsest materjalist ja ULTRAcomp\u2122-ist, on t\u00fchjana lapik.<\/p>\n<h3>Omadused:<\/h3>\n<ul>\n<li>Helium Whisper\u00ae kinnituss\u00fcsteem<\/li>\n<li>MOLLE \u00fchilduv<\/li>\n<li>60% kergem kui tavalised taskud<\/li>\n<li>Vastupidav laminaat<\/li>\n<li>Optimeeritud hoidmiseks ja vastupidavuseks<\/li>\n<\/ul>\n<h3>Tehnilised andmed:<\/h3>\n<ul>\n<li>Suurus: 0,32 cm x 7,62 cm x 15,24 cm<\/li>\n<li>MOLLE v\u00e4li: 3 x 2<\/li>\n<li>Materjalid: Ten-Speed\u00ae elastne materjal, ULTRAcomp\u2122 laminaat<\/li>\n<\/ul>\n<p>See tasku sobib s\u00f5jav\u00e4elastele, \u00f5iguskaitseorganitele ja taktikahuvilistele.<\/p>\n<\/div>\n","protected":false},"excerpt":{"rendered":"<p>Kerge, turvaline M4 salvekott. Kiire juurdep\u00e4\u00e4s, lame profiil.<\/p>\n","protected":false},"featured_media":49137,"template":"","meta":{"_acf_changed":false},"product_brand":[11132],"product_cat":[542,1203,543],"product_tag":[],"class_list":{"0":"post-49128","1":"product","2":"type-product","3":"status-publish","4":"has-post-thumbnail","6":"product_brand-blue-force-gear","7":"product_cat-gear-et","8":"product_cat-magazine-holders-et","9":"product_cat-pouches-et","11":"first","12":"instock","13":"taxable","14":"shipping-taxable","15":"purchasable","16":"product-type-variable","17":"wvs-archive-product-wrapper"},"acf":[],"_links":{"self":[{"href":"https:\/\/staging.nbg.eu\/et\/wp-json\/wp\/v2\/product\/49128","targetHints":{"allow":["GET"]}}],"collection":[{"href":"https:\/\/staging.nbg.eu\/et\/wp-json\/wp\/v2\/product"}],"about":[{"href":"https:\/\/staging.nbg.eu\/et\/wp-json\/wp\/v2\/types\/product"}],"wp:featuredmedia":[{"embeddable":true,"href":"https:\/\/staging.nbg.eu\/et\/wp-json\/wp\/v2\/media\/49137"}],"wp:attachment":[{"href":"https:\/\/staging.nbg.eu\/et\/wp-json\/wp\/v2\/media?parent=49128"}],"wp:term":[{"taxonomy":"product_brand","embeddable":true,"href":"https:\/\/staging.nbg.eu\/et\/wp-json\/wp\/v2\/product_brand?post=49128"},{"taxonomy":"product_cat","embeddable":true,"href":"https:\/\/staging.nbg.eu\/et\/wp-json\/wp\/v2\/product_cat?post=49128"},{"taxonomy":"product_tag","embeddable":true,"href":"https:\/\/staging.nbg.eu\/et\/wp-json\/wp\/v2\/product_tag?post=49128"}],"curies":[{"name":"wp","href":"https:\/\/api.w.org\/{rel}","templated":true}]}}