{"id":48676,"date":"2024-07-29T19:00:12","date_gmt":"2024-09-12T15:53:35","guid":{"rendered":"https:\/\/staging.nbg.eu\/product\/ten-speed-single-pistol-mag-pouch\/"},"modified":"2024-09-12T15:54:24","modified_gmt":"2024-09-12T15:54:24","slug":"salvetasku-magazine-pouch-estonian","status":"publish","type":"product","link":"https:\/\/staging.nbg.eu\/et\/toode\/salvetasku-magazine-pouch-estonian\/","title":{"rendered":"&#8211; &#8220;Salvetasku&#8221; = Magazine Pouch (Estonian)"},"content":{"rendered":"<h2>Ten-Speed\u00ae \u00fchekordne p\u00fcstoli salvetasku<\/h2>\n<p>Meie Ten-Speed\u00ae \u00fchekordne p\u00fcstoli salvetasku on m\u00f5eldud taktikaliseks kasutamiseks. See tasku sobib:<\/p>\n<ul>\n<li>\u00dche- v\u00f5i kaherealine p\u00fcstoli salv (kuni HK 45)<\/li>\n<li>Multit\u00f6\u00f6riistad<\/li>\n<li>Valgustid<\/li>\n<li>Noad<\/li>\n<li>V\u00e4ikesed pipragaasi balloonid<\/li>\n<\/ul>\n<p>Tasku on valmistatud elastsest materjalist ja ULTRAcomp\u2122 konstruktsiooniga. Kui seda ei kasutata, on see lame. Helium Whisper\u00ae kinnituss\u00fcsteem tagab MOLLE \u00fchilduvuse.<\/p>\n<p>Suurus: 0,32 cm x 5,08 cm x 10,16 cm (vajab 2&#215;1 MOLLE v\u00e4lja)<\/p>\n<p>Tasku on valmistatud uutest materjalidest.<\/p>\n","protected":false},"excerpt":{"rendered":"<p>Kiire juurdep\u00e4\u00e4suga, \u00fclimalt kerge p\u00fcstoli salvetasku \u00fche- v\u00f5i kaherealistele salvedele.<\/p>\n","protected":false},"featured_media":33847,"template":"","meta":{"_acf_changed":false},"product_brand":[11132],"product_cat":[542,1203,543],"product_tag":[],"class_list":{"0":"post-48676","1":"product","2":"type-product","3":"status-publish","4":"has-post-thumbnail","6":"product_brand-blue-force-gear","7":"product_cat-gear-et","8":"product_cat-magazine-holders-et","9":"product_cat-pouches-et","11":"first","12":"instock","13":"taxable","14":"shipping-taxable","15":"purchasable","16":"product-type-variable","17":"wvs-archive-product-wrapper"},"acf":[],"_links":{"self":[{"href":"https:\/\/staging.nbg.eu\/et\/wp-json\/wp\/v2\/product\/48676","targetHints":{"allow":["GET"]}}],"collection":[{"href":"https:\/\/staging.nbg.eu\/et\/wp-json\/wp\/v2\/product"}],"about":[{"href":"https:\/\/staging.nbg.eu\/et\/wp-json\/wp\/v2\/types\/product"}],"wp:featuredmedia":[{"embeddable":true,"href":"https:\/\/staging.nbg.eu\/et\/wp-json\/wp\/v2\/media\/33847"}],"wp:attachment":[{"href":"https:\/\/staging.nbg.eu\/et\/wp-json\/wp\/v2\/media?parent=48676"}],"wp:term":[{"taxonomy":"product_brand","embeddable":true,"href":"https:\/\/staging.nbg.eu\/et\/wp-json\/wp\/v2\/product_brand?post=48676"},{"taxonomy":"product_cat","embeddable":true,"href":"https:\/\/staging.nbg.eu\/et\/wp-json\/wp\/v2\/product_cat?post=48676"},{"taxonomy":"product_tag","embeddable":true,"href":"https:\/\/staging.nbg.eu\/et\/wp-json\/wp\/v2\/product_tag?post=48676"}],"curies":[{"name":"wp","href":"https:\/\/api.w.org\/{rel}","templated":true}]}}