{"id":47700,"date":"2024-07-30T18:21:46","date_gmt":"2024-09-12T13:52:12","guid":{"rendered":"https:\/\/staging.nbg.eu\/product\/surefire-supressor-alighnment-rod\/"},"modified":"2024-09-12T13:52:59","modified_gmt":"2024-09-12T13:52:59","slug":"surefire-summutaja-joondusvarras","status":"publish","type":"product","link":"https:\/\/staging.nbg.eu\/et\/toode\/surefire-summutaja-joondusvarras\/","title":{"rendered":"Surefire summutaja joondusvarras"},"content":{"rendered":"<p style=\"text-align: center\"><span style=\"font-size: 170%\"><strong>SureFire&#8217;i relva torude joondamise vardad<\/strong><\/span><\/p>\n<p>SureFire&#8217;i toruvardad on t\u00f6\u00f6riistad, mis tagavad kuuli lennutrajektoori kontsentrilisuse kontrollimise summutatud relvadel. Varras esindab kuuli lennutrajektoori ja n\u00e4itab v\u00f5imalikku valet joondust. SureFire soovitab kontrollida relvaraua, adapteri ja summuti joondust uutel v\u00f5i varem kasutamata seadistustel. SureFire&#8217;i toruvardad on selle kontrollimiseks efektiivne meetod. Valige oma relva kaliibri jaoks sobiv varras.<\/p>\n<p><span style=\"color: #282828\"><strong><span style=\"font-size: 150%\">OMADUSED:<\/span><\/strong><\/span><\/p>\n<p style=\"padding-left: 40px\"><span style=\"color: #282828\"><strong>\u2588 <\/strong><\/span>Valmistatud USA-s.<\/p>\n<p style=\"padding-left: 40px\"><span style=\"color: #282828\"><strong>\u2588 <\/strong><\/span>Termot\u00f6\u00f6deldud roostevaba teras.<\/p>\n<p style=\"padding-left: 40px\"><span style=\"color: #282828\"><strong>\u2588 <\/strong><\/span>Seadistuse kontrollimiseks enne esimest lasku.<\/p>\n<p style=\"padding-left: 40px\"><span style=\"color: #282828\"><strong>\u2588 <\/strong><\/span>T\u00e4ppisfreesitud vardad t\u00e4pseks kontrolliks.<\/p>\n<p style=\"padding-left: 40px\"><span style=\"color: #282828\"><strong>\u2588 <\/strong><\/span>T\u00e4ppisvarras n\u00e4itab joonduse k\u00f5rvalekaldeid.<\/p>\n<p style=\"padding-left: 40px\"><span style=\"color: #282828\"><strong>\u2588 <\/strong><\/span>SureFire&#8217;i heakskiidetud meetod summuti joonduse kontrollimiseks.<\/p>\n<p style=\"padding-left: 40px\"><span style=\"color: #282828\"><strong>\u2588 <\/strong><\/span>Spetsiifilised kaliibrivardad populaarsematele valikutele.<\/p>\n<p style=\"padding-left: 40px\"><span style=\"color: #282828\"><strong>\u2588 <\/strong><\/span>Summuti toru ja varda vahel peaks olema v\u00f5rdne vahe.<\/p>\n<p style=\"padding-left: 40px\"><span style=\"color: #282828\"><strong>\u2588 <\/strong><\/span>Sisestage varras l\u00e4bi paigaldatud summuti t\u00fchjaks laetud relvale.<\/p>\n<p style=\"padding-left: 40px\"><span style=\"color: #282828\"><strong>\u2588 <\/strong><\/span>Saadaval spetsiifilised vardad populaarsematele kaliibritele (5,56 mm, 6,5 mm, 6,8 mm, 7,62 mm, 9 mm, .338)<\/p>\n<table width=\"595\">\n<tbody>\n<tr>\n<td colspan=\"2\" width=\"595\"><span style=\"font-size: 150%;color: #282828\"><b>P\u00d5HIOMADUSED<\/b><\/span><\/td>\n<\/tr>\n<tr>\n<td width=\"198\"><b>KALIIBRID<\/b><\/td>\n<td width=\"397\">5,56 mm, 6,5 mm, 6,8 mm, 7,62 mm, 9 mm, .338 kal<\/td>\n<\/tr>\n<tr>\n<td width=\"198\"><b>MATERJAL<\/b><\/td>\n<td width=\"397\">Termot\u00f6\u00f6deldud roostevaba teras<\/td>\n<\/tr>\n<\/tbody>\n<\/table>\n","protected":false},"excerpt":{"rendered":"<p><strong>SureFire summuti joondamise t\u00f6\u00f6riistad<\/strong><\/p>\n","protected":false},"featured_media":47702,"template":"","meta":{"_acf_changed":false},"product_brand":[11862],"product_cat":[1687,841,1275],"product_tag":[],"class_list":{"0":"post-47700","1":"product","2":"type-product","3":"status-publish","4":"has-post-thumbnail","6":"product_brand-surefire","7":"product_cat-suppressor-accessories-et","8":"product_cat-suppressors-et","9":"product_cat-tools-et","11":"first","12":"instock","13":"taxable","14":"shipping-taxable","15":"purchasable","16":"product-type-variable","17":"wvs-archive-product-wrapper"},"acf":[],"_links":{"self":[{"href":"https:\/\/staging.nbg.eu\/et\/wp-json\/wp\/v2\/product\/47700","targetHints":{"allow":["GET"]}}],"collection":[{"href":"https:\/\/staging.nbg.eu\/et\/wp-json\/wp\/v2\/product"}],"about":[{"href":"https:\/\/staging.nbg.eu\/et\/wp-json\/wp\/v2\/types\/product"}],"wp:featuredmedia":[{"embeddable":true,"href":"https:\/\/staging.nbg.eu\/et\/wp-json\/wp\/v2\/media\/47702"}],"wp:attachment":[{"href":"https:\/\/staging.nbg.eu\/et\/wp-json\/wp\/v2\/media?parent=47700"}],"wp:term":[{"taxonomy":"product_brand","embeddable":true,"href":"https:\/\/staging.nbg.eu\/et\/wp-json\/wp\/v2\/product_brand?post=47700"},{"taxonomy":"product_cat","embeddable":true,"href":"https:\/\/staging.nbg.eu\/et\/wp-json\/wp\/v2\/product_cat?post=47700"},{"taxonomy":"product_tag","embeddable":true,"href":"https:\/\/staging.nbg.eu\/et\/wp-json\/wp\/v2\/product_tag?post=47700"}],"curies":[{"name":"wp","href":"https:\/\/api.w.org\/{rel}","templated":true}]}}