{"id":47556,"date":"2024-07-30T18:46:42","date_gmt":"2024-09-12T13:44:56","guid":{"rendered":"https:\/\/staging.nbg.eu\/product\/surefire-dg-11-switch\/"},"modified":"2024-09-12T13:45:35","modified_gmt":"2024-09-12T13:45:35","slug":"surefire-dg-11-lueliti","status":"publish","type":"product","link":"https:\/\/staging.nbg.eu\/et\/toode\/surefire-dg-11-lueliti\/","title":{"rendered":"SureFire DG-11 l\u00fcliti"},"content":{"rendered":"<div class=\"product-description\">\n<h2>SureFire DG-11 L\u00dcLITI<\/h2>\n<p>SureFire DG-11 L\u00dcLITI on m\u00f5eldud Glock Gen 3\/4\/5 p\u00fcstolitele lisaseadmete r\u00f6\u00f6bastega. See l\u00fcliti pakub:<\/p>\n<ul>\n<li>WeaponLight&#8217;i aktiveerimine ilma haaret muutmata<\/li>\n<li>Kahepoolne hetkeline ja p\u00fcsiv l\u00fcliti<\/li>\n<li>Minimaalne keskele paigutatud padi kontrollimiseks<\/li>\n<li>\u00dchilduvus X-seeria WeaponLights&#8217;idega (v\u00e4lja arvatud XH50G)<\/li>\n<\/ul>\n<p>DG-11 v\u00f5imaldab kasutajatel aktiveerida valgustit s\u00f5rmesurvega, s\u00e4ilitades relva kindla haarde. See disain tagab kiire ja t\u00e4pse valguse juhtimise pingelistes olukordades, muutes selle oluliseks lisaseadmeks \u00f5iguskaitseorganitele, s\u00f5jav\u00e4elastele ja vastutustundlikele relvaomanikele.<\/p>\n<\/div>\n","protected":false},"excerpt":{"rendered":"<p>Relvatuledele t\u00e4pse kontrolli tagamiseks Glockide k\u00fclge kinnitatav l\u00fcliti.<\/p>\n","protected":false},"featured_media":47557,"template":"","meta":{"_acf_changed":false},"product_brand":[11862],"product_cat":[1542,1543,1662],"product_tag":[],"class_list":{"0":"post-47556","1":"product","2":"type-product","3":"status-publish","4":"has-post-thumbnail","6":"product_brand-surefire","7":"product_cat-light-accessories-et","8":"product_cat-lights-et","9":"product_cat-pistol-lights-et","11":"first","12":"instock","13":"taxable","14":"shipping-taxable","15":"purchasable","16":"product-type-simple"},"acf":[],"_links":{"self":[{"href":"https:\/\/staging.nbg.eu\/et\/wp-json\/wp\/v2\/product\/47556","targetHints":{"allow":["GET"]}}],"collection":[{"href":"https:\/\/staging.nbg.eu\/et\/wp-json\/wp\/v2\/product"}],"about":[{"href":"https:\/\/staging.nbg.eu\/et\/wp-json\/wp\/v2\/types\/product"}],"wp:featuredmedia":[{"embeddable":true,"href":"https:\/\/staging.nbg.eu\/et\/wp-json\/wp\/v2\/media\/47557"}],"wp:attachment":[{"href":"https:\/\/staging.nbg.eu\/et\/wp-json\/wp\/v2\/media?parent=47556"}],"wp:term":[{"taxonomy":"product_brand","embeddable":true,"href":"https:\/\/staging.nbg.eu\/et\/wp-json\/wp\/v2\/product_brand?post=47556"},{"taxonomy":"product_cat","embeddable":true,"href":"https:\/\/staging.nbg.eu\/et\/wp-json\/wp\/v2\/product_cat?post=47556"},{"taxonomy":"product_tag","embeddable":true,"href":"https:\/\/staging.nbg.eu\/et\/wp-json\/wp\/v2\/product_tag?post=47556"}],"curies":[{"name":"wp","href":"https:\/\/api.w.org\/{rel}","templated":true}]}}