{"id":47418,"date":"2024-07-30T18:47:47","date_gmt":"2024-09-12T13:39:48","guid":{"rendered":"https:\/\/staging.nbg.eu\/product\/surefire-x400t-a-rd\/"},"modified":"2025-02-19T15:09:31","modified_gmt":"2025-02-19T15:09:31","slug":"surefire-x400t-a-rd","status":"publish","type":"product","link":"https:\/\/staging.nbg.eu\/et\/toode\/surefire-x400t-a-rd\/","title":{"rendered":"SureFire X400T-A-RD"},"content":{"rendered":"<div class=\"product-description\">\n<h2>SureFire X400T-A-RD (punase laseriga) relvavalgustus<\/h2>\n<p>SureFire X400T-A-RD on taktikaline valgustus professionaalidele. 66 000 kandela maksimaalse kiire intensiivsuse ja 650 luumeni valgusv\u00e4ljundiga pakub see valgustus:<\/p>\n<ul>\n<li>Integreeritud 5-millivatine punane laser sihtm\u00e4rgi leidmiseks<\/li>\n<li>Turbo kiire muster sihtm\u00e4rgi tuvastamiseks kaugelt<\/li>\n<li>Kinnituss\u00fcsteem kiireks paigaldamiseks universaalsetele ja Picatinny r\u00f6\u00f6bastele<\/li>\n<li>Intuitiivne l\u00fclituss\u00fcsteem m\u00f5lema k\u00e4e jaoks<\/li>\n<li>\u00dchilduvus olemasolevate X300U-A vutlaritega<\/li>\n<li>Alumiiniumkorpus s\u00f5jav\u00e4elise spetsifikatsiooniga anodeeritud viimistlusega<\/li>\n<li>IPX7 veekindluse klass (1 meeter 30 minutit)<\/li>\n<li>1,5 tundi t\u00f6\u00f6aega kahe kaasasoleva 123A liitiumpatareiga<\/li>\n<\/ul>\n<p>X400T-A-RD \u00fchendab valge valguse ja punase laseri ohtude tuvastamiseks kaugelt. \u00dche s\u00f5rmega juhitav l\u00fclituss\u00fcsteem ja vastupidav korpus tagavad seadme t\u00f6\u00f6kindluse.<\/p>\n<\/div>\n","protected":false},"excerpt":{"rendered":"<p>SureFire X400T-A-RD: 650-luumeniline taktikaline valgusti punase laseriga, relsikinnitusega.<\/p>\n","protected":false},"featured_media":47419,"template":"","meta":{"_acf_changed":false},"product_brand":[11862],"product_cat":[1543,2169,1662],"product_tag":[],"class_list":{"0":"post-47418","1":"product","2":"type-product","3":"status-publish","4":"has-post-thumbnail","6":"product_brand-surefire","7":"product_cat-lights-et","8":"product_cat-pistol-et","9":"product_cat-pistol-lights-et","11":"first","12":"instock","13":"taxable","14":"shipping-taxable","15":"purchasable","16":"product-type-simple"},"acf":[],"_links":{"self":[{"href":"https:\/\/staging.nbg.eu\/et\/wp-json\/wp\/v2\/product\/47418","targetHints":{"allow":["GET"]}}],"collection":[{"href":"https:\/\/staging.nbg.eu\/et\/wp-json\/wp\/v2\/product"}],"about":[{"href":"https:\/\/staging.nbg.eu\/et\/wp-json\/wp\/v2\/types\/product"}],"wp:featuredmedia":[{"embeddable":true,"href":"https:\/\/staging.nbg.eu\/et\/wp-json\/wp\/v2\/media\/47419"}],"wp:attachment":[{"href":"https:\/\/staging.nbg.eu\/et\/wp-json\/wp\/v2\/media?parent=47418"}],"wp:term":[{"taxonomy":"product_brand","embeddable":true,"href":"https:\/\/staging.nbg.eu\/et\/wp-json\/wp\/v2\/product_brand?post=47418"},{"taxonomy":"product_cat","embeddable":true,"href":"https:\/\/staging.nbg.eu\/et\/wp-json\/wp\/v2\/product_cat?post=47418"},{"taxonomy":"product_tag","embeddable":true,"href":"https:\/\/staging.nbg.eu\/et\/wp-json\/wp\/v2\/product_tag?post=47418"}],"curies":[{"name":"wp","href":"https:\/\/api.w.org\/{rel}","templated":true}]}}