{"id":47292,"date":"2024-07-30T18:47:47","date_gmt":"2024-09-12T13:24:48","guid":{"rendered":"https:\/\/staging.nbg.eu\/product\/surefire-maxvision-tactician-e2t-mv\/"},"modified":"2024-09-12T13:25:28","modified_gmt":"2024-09-12T13:25:28","slug":"surefire-maxvision-tactician-e2t-mv","status":"publish","type":"product","link":"https:\/\/staging.nbg.eu\/et\/toode\/surefire-maxvision-tactician-e2t-mv\/","title":{"rendered":"SureFire MAXVISION Tactician E2T-MV"},"content":{"rendered":"<div class=\"product-description\">\n<h2>SureFire MAXVISION Tactician E2T-MV<\/h2>\n<p>SureFire MAXVISION Tactician E2T-MV on taskulamp, mida saab kasutada igap\u00e4evaselt v\u00f5i taktikalistes olukordades.<\/p>\n<ul>\n<li>Kahe v\u00e4ljundiga LED MaxVision Beam\u00ae reflektoriga<\/li>\n<li>800 luumenit k\u00f5rgel re\u017eiimil<\/li>\n<li>5 luumenit madalal re\u017eiimil (95 tundi t\u00f6\u00f6aega)<\/li>\n<li>Taktikaline tagal\u00fcliti hetkeliseks v\u00f5i p\u00fcsivaks sissel\u00fclitamiseks<\/li>\n<li>Kompaktne 12,7 cm pikkus ja 99,2 g kaal<\/li>\n<li>Vastupidav alumiiniumkonstruktsioon s\u00f5jav\u00e4elise spetsifikatsiooniga anodeeritud viimistlusega<\/li>\n<li>IPX7 veekindluse tase<\/li>\n<li>T\u00f6\u00f6tab kahe kaasasoleva 123A patareiga<\/li>\n<\/ul>\n<p>Lambi esiosa disain v\u00f5imaldab kiirelt reguleerida valgustugevust: k\u00e4sitsi pingutades maksimaalne v\u00e4ljund, vastup\u00e4eva keerates madal v\u00e4ljund. Valgusvihu tippintensiivsus on 3200 kandelat ja ulatus 115 meetrit.<\/p>\n<\/div>\n","protected":false},"excerpt":{"rendered":"<p>Mitmek\u00fclgne 800-luumeniline taktikaline lamp kahe v\u00e4ljundiga ja MaxVision Beam\u00ae tehnoloogiaga.<\/p>\n","protected":false},"featured_media":47293,"template":"","meta":{"_acf_changed":false},"product_brand":[11862],"product_cat":[1626,1627,1543],"product_tag":[],"class_list":{"0":"post-47292","1":"product","2":"type-product","3":"status-publish","4":"has-post-thumbnail","6":"product_brand-surefire","7":"product_cat-edc-et","8":"product_cat-edc-lights-et","9":"product_cat-lights-et","11":"first","12":"instock","13":"taxable","14":"shipping-taxable","15":"purchasable","16":"product-type-simple"},"acf":[],"_links":{"self":[{"href":"https:\/\/staging.nbg.eu\/et\/wp-json\/wp\/v2\/product\/47292","targetHints":{"allow":["GET"]}}],"collection":[{"href":"https:\/\/staging.nbg.eu\/et\/wp-json\/wp\/v2\/product"}],"about":[{"href":"https:\/\/staging.nbg.eu\/et\/wp-json\/wp\/v2\/types\/product"}],"wp:featuredmedia":[{"embeddable":true,"href":"https:\/\/staging.nbg.eu\/et\/wp-json\/wp\/v2\/media\/47293"}],"wp:attachment":[{"href":"https:\/\/staging.nbg.eu\/et\/wp-json\/wp\/v2\/media?parent=47292"}],"wp:term":[{"taxonomy":"product_brand","embeddable":true,"href":"https:\/\/staging.nbg.eu\/et\/wp-json\/wp\/v2\/product_brand?post=47292"},{"taxonomy":"product_cat","embeddable":true,"href":"https:\/\/staging.nbg.eu\/et\/wp-json\/wp\/v2\/product_cat?post=47292"},{"taxonomy":"product_tag","embeddable":true,"href":"https:\/\/staging.nbg.eu\/et\/wp-json\/wp\/v2\/product_tag?post=47292"}],"curies":[{"name":"wp","href":"https:\/\/api.w.org\/{rel}","templated":true}]}}