{"id":47218,"date":"2024-07-30T18:50:58","date_gmt":"2024-09-12T13:12:20","guid":{"rendered":"https:\/\/staging.nbg.eu\/product\/surefire-b12-lithium-polymer-battery\/"},"modified":"2024-09-12T13:12:59","modified_gmt":"2024-09-12T13:12:59","slug":"surefire-b12-liitium-poluemeer-aku","status":"publish","type":"product","link":"https:\/\/staging.nbg.eu\/et\/toode\/surefire-b12-liitium-poluemeer-aku\/","title":{"rendered":"SureFire B12 liitium-pol\u00fcmeer aku"},"content":{"rendered":"<div class=\"product-description\">\n<h2>SureFire B12 LIITIUM-POL\u00dcMEER AKU<\/h2>\n<p>B12 liitium-pol\u00fcmeer aku on m\u00f5eldud SureFire XSC seeria mikrokompaktsete relvavalgustite jaoks. See eemaldatav ja taaslaetav aku on loodud kiireks vahetamiseks ilma XSC-d relvalt eemaldamata.<\/p>\n<ul>\n<li>Loodud spetsiaalselt SureFire XSC relvavalgustite jaoks<\/li>\n<li>V\u00f5imaldab kuni 30 minutit t\u00f6\u00f6aega 350 luumeni juures<\/li>\n<li>Nupuga laetuse n\u00e4idik kiireks oleku kontrollimiseks<\/li>\n<li>\u00dchildub SureFire CH21 laadimisalusega<\/li>\n<li>Sobib pikaajaliseks kasutamiseks<\/li>\n<\/ul>\n<p>SureFire B12 on aku XSC relvavalgustite jaoks.<\/p>\n<\/div>\n","protected":false},"excerpt":{"rendered":"<p>Taaslaetav aku SureFire XSC relvavalgustite jaoks. Kiire vahetamine, 30-minutiline t\u00f6\u00f6aeg.<\/p>\n","protected":false},"featured_media":47219,"template":"","meta":{"_acf_changed":false},"product_brand":[11862],"product_cat":[1601,1543],"product_tag":[],"class_list":{"0":"post-47218","1":"product","2":"type-product","3":"status-publish","4":"has-post-thumbnail","6":"product_brand-surefire","7":"product_cat-batteries-2-et","8":"product_cat-lights-et","10":"first","11":"instock","12":"taxable","13":"shipping-taxable","14":"purchasable","15":"product-type-simple"},"acf":[],"_links":{"self":[{"href":"https:\/\/staging.nbg.eu\/et\/wp-json\/wp\/v2\/product\/47218","targetHints":{"allow":["GET"]}}],"collection":[{"href":"https:\/\/staging.nbg.eu\/et\/wp-json\/wp\/v2\/product"}],"about":[{"href":"https:\/\/staging.nbg.eu\/et\/wp-json\/wp\/v2\/types\/product"}],"wp:featuredmedia":[{"embeddable":true,"href":"https:\/\/staging.nbg.eu\/et\/wp-json\/wp\/v2\/media\/47219"}],"wp:attachment":[{"href":"https:\/\/staging.nbg.eu\/et\/wp-json\/wp\/v2\/media?parent=47218"}],"wp:term":[{"taxonomy":"product_brand","embeddable":true,"href":"https:\/\/staging.nbg.eu\/et\/wp-json\/wp\/v2\/product_brand?post=47218"},{"taxonomy":"product_cat","embeddable":true,"href":"https:\/\/staging.nbg.eu\/et\/wp-json\/wp\/v2\/product_cat?post=47218"},{"taxonomy":"product_tag","embeddable":true,"href":"https:\/\/staging.nbg.eu\/et\/wp-json\/wp\/v2\/product_tag?post=47218"}],"curies":[{"name":"wp","href":"https:\/\/api.w.org\/{rel}","templated":true}]}}