{"id":47034,"date":"2024-07-30T19:06:10","date_gmt":"2024-09-12T12:55:57","guid":{"rendered":"https:\/\/staging.nbg.eu\/product\/iosso-ar-rifle-complete-cleaning-kit\/"},"modified":"2024-09-12T12:56:41","modified_gmt":"2024-09-12T12:56:41","slug":"iosso-ar-vintpuessi-taeielik-puhastuskomplekt","status":"publish","type":"product","link":"https:\/\/staging.nbg.eu\/et\/toode\/iosso-ar-vintpuessi-taeielik-puhastuskomplekt\/","title":{"rendered":"Iosso AR vintp\u00fcssi t\u00e4ielik puhastuskomplekt"},"content":{"rendered":"<div class=\"product-description\">\n<h2>Iosso AR p\u00fcssi t\u00e4ielik puhastuskomplekt<\/h2>\n<p>Puhastuskomplekt tulirelva hooldamiseks. Omadused:<\/p>\n<ul>\n<li>6 t\u00e4pse suurusega harja p\u00f5hjalikuks puhastamiseks<\/li>\n<li>Puhastab \u00fclemise salvekambri, padrunipesa, lukukoja, .223\/.30 relvaraua, v\u00f5tmetoru ja gaasitoru<\/li>\n<li>Gaasitoru hari puhastab ilma lahtiv\u00f5tmiseta<\/li>\n<li>Sisaldab k\u00f5iki vajalikke t\u00f6\u00f6riistu, varrast ja n\u00f6\u00f6ri<\/li>\n<li>Sobib p\u00fcstolitele, p\u00fcssidele ja haavlip\u00fcssidele<\/li>\n<li>Kaasas kandekott<\/li>\n<\/ul>\n<p>Parimate tulemuste saavutamiseks kasutage koos Iosso relvaraua puhastaja ja kolmetoimelise \u00f5liga (m\u00fc\u00fcakse eraldi).<\/p>\n<\/div>\n","protected":false},"excerpt":{"rendered":"<p>P\u00f5hjalik AR-p\u00fcssi puhastuskomplekt 6 harjaga ja oluliste t\u00f6\u00f6riistadega.<\/p>\n","protected":false},"featured_media":107633,"template":"","meta":{"_acf_changed":false},"product_brand":[11472],"product_cat":[1417,1580,1418],"product_tag":[],"class_list":{"0":"post-47034","1":"product","2":"type-product","3":"status-publish","4":"has-post-thumbnail","6":"product_brand-iosso","7":"product_cat-brushes-et","8":"product_cat-cleaning-sets-et","9":"product_cat-maintenance-et","10":"pa_model-ar-308-et","11":"pa_model-ar-15-et","13":"first","14":"instock","15":"taxable","16":"shipping-taxable","17":"purchasable","18":"product-type-variable","19":"wvs-archive-product-wrapper"},"acf":[],"_links":{"self":[{"href":"https:\/\/staging.nbg.eu\/et\/wp-json\/wp\/v2\/product\/47034","targetHints":{"allow":["GET"]}}],"collection":[{"href":"https:\/\/staging.nbg.eu\/et\/wp-json\/wp\/v2\/product"}],"about":[{"href":"https:\/\/staging.nbg.eu\/et\/wp-json\/wp\/v2\/types\/product"}],"wp:featuredmedia":[{"embeddable":true,"href":"https:\/\/staging.nbg.eu\/et\/wp-json\/wp\/v2\/media\/107633"}],"wp:attachment":[{"href":"https:\/\/staging.nbg.eu\/et\/wp-json\/wp\/v2\/media?parent=47034"}],"wp:term":[{"taxonomy":"product_brand","embeddable":true,"href":"https:\/\/staging.nbg.eu\/et\/wp-json\/wp\/v2\/product_brand?post=47034"},{"taxonomy":"product_cat","embeddable":true,"href":"https:\/\/staging.nbg.eu\/et\/wp-json\/wp\/v2\/product_cat?post=47034"},{"taxonomy":"product_tag","embeddable":true,"href":"https:\/\/staging.nbg.eu\/et\/wp-json\/wp\/v2\/product_tag?post=47034"}],"curies":[{"name":"wp","href":"https:\/\/api.w.org\/{rel}","templated":true}]}}