{"id":46768,"date":"2024-07-30T19:41:53","date_gmt":"2024-09-12T12:04:17","guid":{"rendered":"https:\/\/staging.nbg.eu\/product\/iosso-pistol-brush\/"},"modified":"2024-09-12T12:05:25","modified_gmt":"2024-09-12T12:05:25","slug":"iosso-puestoli-hari","status":"publish","type":"product","link":"https:\/\/staging.nbg.eu\/et\/toode\/iosso-puestoli-hari\/","title":{"rendered":"Iosso p\u00fcstoli hari"},"content":{"rendered":"<p>\n<strong>Iosso p\u00fcstoli hari<\/strong> on relva puhastamise t\u00f6\u00f6riist:<\/p>\n<ul>\n<li>Sinist v\u00e4rvi kiud lihtsamaks eristamiseks<\/li>\n<li>Paksemad ja j\u00e4igemad harjased v\u00f5imaldavad edasi-tagasi liikumist<\/li>\n<li>8-10 korda vastupidavam kui tavalised harjad<\/li>\n<li>Tihedalt p\u00f5imitud, rohkem kiudu tolli kohta<\/li>\n<li>Sobib kasutamiseks Iosso relvaraua puhastusvahendi ja kolmiktoimelise lahusega<\/li>\n<li>Eemaldab efektiivselt erinevat t\u00fc\u00fcpi mustust<\/li>\n<li>V\u00e4hendab puhastamisaega<\/li>\n<\/ul>\n<p>Saadaval erinevates tulirelvade suurustes. Sinised harjad on Iosso Products kaubam\u00e4rk.<\/p>\n","protected":false},"excerpt":{"rendered":"<p>Vastupidav koobaltsinise v\u00e4rvi p\u00fcstolipuhastushari t\u00f5husaks ja p\u00f5hjalikuks relvaraua puhastamiseks.<\/p>\n","protected":false},"featured_media":107488,"template":"","meta":{"_acf_changed":false},"product_brand":[11472],"product_cat":[1417,1418],"product_tag":[],"class_list":{"0":"post-46768","1":"product","2":"type-product","3":"status-publish","4":"has-post-thumbnail","6":"product_brand-iosso","7":"product_cat-brushes-et","8":"product_cat-maintenance-et","10":"first","11":"instock","12":"taxable","13":"shipping-taxable","14":"purchasable","15":"product-type-variable","16":"wvs-archive-product-wrapper"},"acf":[],"_links":{"self":[{"href":"https:\/\/staging.nbg.eu\/et\/wp-json\/wp\/v2\/product\/46768","targetHints":{"allow":["GET"]}}],"collection":[{"href":"https:\/\/staging.nbg.eu\/et\/wp-json\/wp\/v2\/product"}],"about":[{"href":"https:\/\/staging.nbg.eu\/et\/wp-json\/wp\/v2\/types\/product"}],"wp:featuredmedia":[{"embeddable":true,"href":"https:\/\/staging.nbg.eu\/et\/wp-json\/wp\/v2\/media\/107488"}],"wp:attachment":[{"href":"https:\/\/staging.nbg.eu\/et\/wp-json\/wp\/v2\/media?parent=46768"}],"wp:term":[{"taxonomy":"product_brand","embeddable":true,"href":"https:\/\/staging.nbg.eu\/et\/wp-json\/wp\/v2\/product_brand?post=46768"},{"taxonomy":"product_cat","embeddable":true,"href":"https:\/\/staging.nbg.eu\/et\/wp-json\/wp\/v2\/product_cat?post=46768"},{"taxonomy":"product_tag","embeddable":true,"href":"https:\/\/staging.nbg.eu\/et\/wp-json\/wp\/v2\/product_tag?post=46768"}],"curies":[{"name":"wp","href":"https:\/\/api.w.org\/{rel}","templated":true}]}}