{"id":46561,"date":"2024-07-30T19:46:24","date_gmt":"2024-09-11T16:04:02","guid":{"rendered":"https:\/\/staging.nbg.eu\/product\/iosso-rifle-brush\/"},"modified":"2024-09-11T16:05:40","modified_gmt":"2024-09-11T16:05:40","slug":"iosso-vintpuessi-hari","status":"publish","type":"product","link":"https:\/\/staging.nbg.eu\/et\/toode\/iosso-vintpuessi-hari\/","title":{"rendered":"Iosso vintp\u00fcssi hari"},"content":{"rendered":"<p>\nIosso Products relvahari. Omadused:<\/p>\n<ul>\n<li>Paksemad ja j\u00e4igemad harjased edasi-tagasi puhastamiseks<\/li>\n<li>Tihedalt keeratud, rohkem harjaseid tolli kohta<\/li>\n<li>Korduvkasutatav<\/li>\n<li>Sobib kasutamiseks Iosso rauapuhastajaga<\/li>\n<li>Eemaldab erinevat t\u00fc\u00fcpi mustuse<\/li>\n<li>V\u00e4hendab puhastamisaega<\/li>\n<\/ul>\n<p>T\u00f5hus rauapuhastus.<\/p>\n","protected":false},"excerpt":{"rendered":"<p>Vastupidav koobaltsinise v\u00e4rvi p\u00fcssipuhastushari t\u00f5husaks ja pikaajaliseks relvaraua puhastamiseks.<\/p>\n","protected":false},"featured_media":107419,"template":"","meta":{"_acf_changed":false},"product_brand":[11472],"product_cat":[1417,1418],"product_tag":[],"class_list":{"0":"post-46561","1":"product","2":"type-product","3":"status-publish","4":"has-post-thumbnail","6":"product_brand-iosso","7":"product_cat-brushes-et","8":"product_cat-maintenance-et","10":"first","11":"instock","12":"taxable","13":"shipping-taxable","14":"purchasable","15":"product-type-variable","16":"wvs-archive-product-wrapper"},"acf":[],"_links":{"self":[{"href":"https:\/\/staging.nbg.eu\/et\/wp-json\/wp\/v2\/product\/46561","targetHints":{"allow":["GET"]}}],"collection":[{"href":"https:\/\/staging.nbg.eu\/et\/wp-json\/wp\/v2\/product"}],"about":[{"href":"https:\/\/staging.nbg.eu\/et\/wp-json\/wp\/v2\/types\/product"}],"wp:featuredmedia":[{"embeddable":true,"href":"https:\/\/staging.nbg.eu\/et\/wp-json\/wp\/v2\/media\/107419"}],"wp:attachment":[{"href":"https:\/\/staging.nbg.eu\/et\/wp-json\/wp\/v2\/media?parent=46561"}],"wp:term":[{"taxonomy":"product_brand","embeddable":true,"href":"https:\/\/staging.nbg.eu\/et\/wp-json\/wp\/v2\/product_brand?post=46561"},{"taxonomy":"product_cat","embeddable":true,"href":"https:\/\/staging.nbg.eu\/et\/wp-json\/wp\/v2\/product_cat?post=46561"},{"taxonomy":"product_tag","embeddable":true,"href":"https:\/\/staging.nbg.eu\/et\/wp-json\/wp\/v2\/product_tag?post=46561"}],"curies":[{"name":"wp","href":"https:\/\/api.w.org\/{rel}","templated":true}]}}