{"id":46416,"date":"2024-07-31T20:54:52","date_gmt":"2024-09-11T15:52:54","guid":{"rendered":"https:\/\/staging.nbg.eu\/product\/shotgun-brush\/"},"modified":"2024-09-11T15:53:38","modified_gmt":"2024-09-11T15:53:38","slug":"silerauha-hari","status":"publish","type":"product","link":"https:\/\/staging.nbg.eu\/et\/toode\/silerauha-hari\/","title":{"rendered":"Silerauha hari"},"content":{"rendered":"<p>\nIosso Products p\u00fcssipuhastushari. Omadused:<\/p>\n<ul>\n<li>Paksemad, j\u00e4igemad harjased edasi-tagasi puhastamiseks<\/li>\n<li>Tihedalt keeratud, rohkem harjaseid tolli kohta<\/li>\n<li>Korduvkasutatav<\/li>\n<li>Sobib kasutamiseks Iosso relvaraua puhastusvahendiga<\/li>\n<li>Eemaldab igat t\u00fc\u00fcpi mustuse<\/li>\n<li>V\u00e4hendab oluliselt puhastusaega<\/li>\n<\/ul>\n<p>T\u00f5hus relvaraua puhastus.<\/p>\n","protected":false},"excerpt":{"rendered":"<p>Kvaliteetne koobaltsinise v\u00e4rvusega puhastusn\u00fchkur t\u00f5husaks ja p\u00f5hjalikuks p\u00fcssi puhastamiseks.<\/p>\n","protected":false},"featured_media":46417,"template":"","meta":{"_acf_changed":false},"product_brand":[],"product_cat":[1417,1418],"product_tag":[],"class_list":{"0":"post-46416","1":"product","2":"type-product","3":"status-publish","4":"has-post-thumbnail","6":"product_cat-brushes-et","7":"product_cat-maintenance-et","9":"first","10":"instock","11":"taxable","12":"shipping-taxable","13":"purchasable","14":"product-type-variable","15":"wvs-archive-product-wrapper"},"acf":[],"_links":{"self":[{"href":"https:\/\/staging.nbg.eu\/et\/wp-json\/wp\/v2\/product\/46416","targetHints":{"allow":["GET"]}}],"collection":[{"href":"https:\/\/staging.nbg.eu\/et\/wp-json\/wp\/v2\/product"}],"about":[{"href":"https:\/\/staging.nbg.eu\/et\/wp-json\/wp\/v2\/types\/product"}],"wp:featuredmedia":[{"embeddable":true,"href":"https:\/\/staging.nbg.eu\/et\/wp-json\/wp\/v2\/media\/46417"}],"wp:attachment":[{"href":"https:\/\/staging.nbg.eu\/et\/wp-json\/wp\/v2\/media?parent=46416"}],"wp:term":[{"taxonomy":"product_brand","embeddable":true,"href":"https:\/\/staging.nbg.eu\/et\/wp-json\/wp\/v2\/product_brand?post=46416"},{"taxonomy":"product_cat","embeddable":true,"href":"https:\/\/staging.nbg.eu\/et\/wp-json\/wp\/v2\/product_cat?post=46416"},{"taxonomy":"product_tag","embeddable":true,"href":"https:\/\/staging.nbg.eu\/et\/wp-json\/wp\/v2\/product_tag?post=46416"}],"curies":[{"name":"wp","href":"https:\/\/api.w.org\/{rel}","templated":true}]}}