{"id":46242,"date":"2024-07-31T20:30:37","date_gmt":"2024-09-11T15:45:45","guid":{"rendered":"https:\/\/staging.nbg.eu\/product\/fox-ammunition-65-creed-123-gr\/"},"modified":"2024-09-11T15:46:26","modified_gmt":"2024-09-11T15:46:26","slug":"fox-laskemoon-65-creed-123-gr","status":"publish","type":"product","link":"https:\/\/staging.nbg.eu\/et\/toode\/fox-laskemoon-65-creed-123-gr\/","title":{"rendered":"Fox laskemoon 6,5 Creed. &#8211; 123 gr"},"content":{"rendered":"<h2>Fox Ammunition 6.5 Creed &#8211; 123 gr<\/h2>\n<p>Fox Ammunition 6.5 Creed 123 gr padrunid kasutavad Fox Classic jahikuuli. Need pliivabad kuulid on valmistatud vask-tsingisulamist.<\/p>\n<ul>\n<li>Pliivaba koostis<\/li>\n<li>Sooniline disain v\u00e4hendab r\u00f5hku rauas ja suurendab kiirust<\/li>\n<li>Termostabiiline plastikots parandab ballistikat ja l\u00f5ppefekti<\/li>\n<li>Kontrollitud laienemine energia \u00fclekandmiseks<\/li>\n<li>Efektiivne l\u00e4hilaskmisest kaugete laskudeni<\/li>\n<li>Peatamisv\u00f5ime minimaalse lihakahjustusega<\/li>\n<\/ul>\n<p>Fox Ammunition padrunid on t\u00e4psed ja usaldusv\u00e4\u00e4rsed.<\/p>\n","protected":false},"excerpt":{"rendered":"<p>Pliivaba, t\u00e4pne 6,5 Creedmoore laskemoon<\/p>\n","protected":false},"featured_media":46243,"template":"","meta":{"_acf_changed":false},"product_brand":[],"product_cat":[1459,1460],"product_tag":[],"class_list":{"0":"post-46242","1":"product","2":"type-product","3":"status-publish","4":"has-post-thumbnail","6":"product_cat-ammunition-et","7":"product_cat-rifle-ammunition-et","9":"first","10":"instock","11":"taxable","12":"shipping-taxable","13":"purchasable","14":"product-type-simple"},"acf":[],"_links":{"self":[{"href":"https:\/\/staging.nbg.eu\/et\/wp-json\/wp\/v2\/product\/46242","targetHints":{"allow":["GET"]}}],"collection":[{"href":"https:\/\/staging.nbg.eu\/et\/wp-json\/wp\/v2\/product"}],"about":[{"href":"https:\/\/staging.nbg.eu\/et\/wp-json\/wp\/v2\/types\/product"}],"wp:featuredmedia":[{"embeddable":true,"href":"https:\/\/staging.nbg.eu\/et\/wp-json\/wp\/v2\/media\/46243"}],"wp:attachment":[{"href":"https:\/\/staging.nbg.eu\/et\/wp-json\/wp\/v2\/media?parent=46242"}],"wp:term":[{"taxonomy":"product_brand","embeddable":true,"href":"https:\/\/staging.nbg.eu\/et\/wp-json\/wp\/v2\/product_brand?post=46242"},{"taxonomy":"product_cat","embeddable":true,"href":"https:\/\/staging.nbg.eu\/et\/wp-json\/wp\/v2\/product_cat?post=46242"},{"taxonomy":"product_tag","embeddable":true,"href":"https:\/\/staging.nbg.eu\/et\/wp-json\/wp\/v2\/product_tag?post=46242"}],"curies":[{"name":"wp","href":"https:\/\/api.w.org\/{rel}","templated":true}]}}