{"id":46059,"date":"2024-08-03T09:01:48","date_gmt":"2024-09-11T09:29:24","guid":{"rendered":"https:\/\/staging.nbg.eu\/product\/rh-sharky-iwb-holster\/"},"modified":"2024-09-11T09:30:18","modified_gmt":"2024-09-11T09:30:18","slug":"rh-sharky-iwb-tupik","status":"publish","type":"product","link":"https:\/\/staging.nbg.eu\/et\/toode\/rh-sharky-iwb-tupik\/","title":{"rendered":"RH Sharky IWB tupik"},"content":{"rendered":"<p>RH Sharky IWB v\u00f6\u00f6aluse p\u00fcstoli vutlar pakub varjatud kandmise v\u00f5imalust. Omadused:<\/p>\n<ul>\n<li>Vaakumpressitud konstruktsioon<\/li>\n<li>Topeltklamber kindlaks haardeks<\/li>\n<li>Reguleeritav kalle ja k\u00f5rgus<\/li>\n<li>Sobib punase t\u00e4pi sihikute ja pikendatud rauaga<\/li>\n<li>Integreeritud konks paremaks varjamiseks<\/li>\n<li>K\u00e4epideme reguleerimine individuaalseks sobivuseks<\/li>\n<\/ul>\n<p>See v\u00f6\u00f6alune vutlar on mugav ja mitmek\u00fclgne.<\/p>\n","protected":false},"excerpt":{"rendered":"<p>Turvaline, reguleeritav IWB v\u00f6\u00f6holster varjatud kandmiseks koos punase t\u00e4piga.<\/p>\n","protected":false},"featured_media":46062,"template":"","meta":{"_acf_changed":false},"product_brand":[11636],"product_cat":[1002,1392],"product_tag":[],"class_list":{"0":"post-46059","1":"product","2":"type-product","3":"status-publish","4":"has-post-thumbnail","6":"product_brand-rh-holsters","7":"product_cat-holster-et","8":"product_cat-tactical-holster-et","9":"pa_clips-monoblock-et","10":"pa_light-surefire-x300-ultra-a-et","11":"pa_light-without-light-et","12":"pa_model-glock-17-et","13":"pa_model-glock-43x-et","14":"pa_strong-hand-left-et","15":"pa_strong-hand-right-et","17":"first","18":"instock","19":"taxable","20":"shipping-taxable","21":"purchasable","22":"product-type-variable","23":"wvs-archive-product-wrapper"},"acf":[],"_links":{"self":[{"href":"https:\/\/staging.nbg.eu\/et\/wp-json\/wp\/v2\/product\/46059","targetHints":{"allow":["GET"]}}],"collection":[{"href":"https:\/\/staging.nbg.eu\/et\/wp-json\/wp\/v2\/product"}],"about":[{"href":"https:\/\/staging.nbg.eu\/et\/wp-json\/wp\/v2\/types\/product"}],"wp:featuredmedia":[{"embeddable":true,"href":"https:\/\/staging.nbg.eu\/et\/wp-json\/wp\/v2\/media\/46062"}],"wp:attachment":[{"href":"https:\/\/staging.nbg.eu\/et\/wp-json\/wp\/v2\/media?parent=46059"}],"wp:term":[{"taxonomy":"product_brand","embeddable":true,"href":"https:\/\/staging.nbg.eu\/et\/wp-json\/wp\/v2\/product_brand?post=46059"},{"taxonomy":"product_cat","embeddable":true,"href":"https:\/\/staging.nbg.eu\/et\/wp-json\/wp\/v2\/product_cat?post=46059"},{"taxonomy":"product_tag","embeddable":true,"href":"https:\/\/staging.nbg.eu\/et\/wp-json\/wp\/v2\/product_tag?post=46059"}],"curies":[{"name":"wp","href":"https:\/\/api.w.org\/{rel}","templated":true}]}}