{"id":45907,"date":"2024-08-03T17:10:30","date_gmt":"2024-08-03T14:10:30","guid":{"rendered":"https:\/\/staging.nbg.eu\/product\/rh-classic-iwb-holster\/"},"modified":"2025-10-20T11:58:55","modified_gmt":"2025-10-20T08:58:55","slug":"rh-classic-iwb-tupik","status":"publish","type":"product","link":"https:\/\/staging.nbg.eu\/et\/toode\/rh-classic-iwb-tupik\/","title":{"rendered":"RH Classic IWB tupik"},"content":{"rendered":"<p>RH Classic IWB vutlar v\u00f5imaldab varjatud kandmist. Omadused:<\/p>\n<ul>\n<li>Vaakumpressitud kydex t\u00e4pseks relvale sobivuseks<\/li>\n<li>Reguleeritav haare ja kalle<\/li>\n<li>Valikulised k\u00fc\u00fcnise ja ERC lisad<\/li>\n<li>\u00d5huke profiil<\/li>\n<li>K\u00e4sitsi l\u00f5igatud servad<\/li>\n<li>\u00dchest t\u00fckist konstruktsioon<\/li>\n<li>Avatud p\u00f5hjaga disain<\/li>\n<\/ul>\n<p>Sobib igap\u00e4evaseks varjatud kandmiseks.<\/p>\n","protected":false},"excerpt":{"rendered":"<p>\u00d5huke IWB (Inside the Waistband) v\u00f6\u00f6alune kabuur: Reguleeritav, varjatud kandmiseks, lisav\u00f5imalustena k\u00fc\u00fcnisega ja ERC-ga (Extended Retention Claw).<\/p>\n","protected":false},"featured_media":45909,"template":"","meta":{"_acf_changed":false},"product_brand":[11636],"product_cat":[1002,1392],"product_tag":[],"class_list":{"0":"post-45907","1":"product","2":"type-product","3":"status-publish","4":"has-post-thumbnail","6":"product_brand-rh-holsters","7":"product_cat-holster-et","8":"product_cat-tactical-holster-et","9":"pa_belt-size-40mm-et","10":"pa_claw-with-aiwb-et","11":"pa_claw-without-standard-et","12":"pa_clips-flushclip-et","13":"pa_light-surefire-x300-ultra-a-et","14":"pa_light-surefire-x300-a","15":"pa_light-without-light-et","16":"pa_model-glock-17-et","17":"pa_model-glock-19-34","18":"pa_model-glock-19-23-32-et","19":"pa_model-glock-26-27-et","20":"pa_strong-hand-right-et","22":"first","23":"instock","24":"taxable","25":"shipping-taxable","26":"purchasable","27":"product-type-variable","28":"wvs-archive-product-wrapper"},"acf":[],"_links":{"self":[{"href":"https:\/\/staging.nbg.eu\/et\/wp-json\/wp\/v2\/product\/45907","targetHints":{"allow":["GET"]}}],"collection":[{"href":"https:\/\/staging.nbg.eu\/et\/wp-json\/wp\/v2\/product"}],"about":[{"href":"https:\/\/staging.nbg.eu\/et\/wp-json\/wp\/v2\/types\/product"}],"wp:featuredmedia":[{"embeddable":true,"href":"https:\/\/staging.nbg.eu\/et\/wp-json\/wp\/v2\/media\/45909"}],"wp:attachment":[{"href":"https:\/\/staging.nbg.eu\/et\/wp-json\/wp\/v2\/media?parent=45907"}],"wp:term":[{"taxonomy":"product_brand","embeddable":true,"href":"https:\/\/staging.nbg.eu\/et\/wp-json\/wp\/v2\/product_brand?post=45907"},{"taxonomy":"product_cat","embeddable":true,"href":"https:\/\/staging.nbg.eu\/et\/wp-json\/wp\/v2\/product_cat?post=45907"},{"taxonomy":"product_tag","embeddable":true,"href":"https:\/\/staging.nbg.eu\/et\/wp-json\/wp\/v2\/product_tag?post=45907"}],"curies":[{"name":"wp","href":"https:\/\/api.w.org\/{rel}","templated":true}]}}