{"id":45771,"date":"2024-08-03T14:31:50","date_gmt":"2024-09-10T15:00:58","guid":{"rendered":"https:\/\/staging.nbg.eu\/product\/rh-frogy-owb-holster\/"},"modified":"2024-09-10T15:01:51","modified_gmt":"2024-09-10T15:01:51","slug":"rh-frogy-owb-tupik","status":"publish","type":"product","link":"https:\/\/staging.nbg.eu\/et\/toode\/rh-frogy-owb-tupik\/","title":{"rendered":"RH Frogy OWB tupik"},"content":{"rendered":"<div class=\"product-description\">\n<h2>RH Frogy OWB v\u00f6\u00f6holster<\/h2>\n<p>Koge parimat varjatud kandmist RH Frogy OWB v\u00f6\u00f6holsteriga. See v\u00f6\u00f6le kandmiseks m\u00f5eldud holster pakub j\u00e4rgmisi omadusi:<\/p>\n<ul>\n<li>Unikaalne konstruktsioon integreeritud survefunktsiooniga relva paremaks varjamiseks<\/li>\n<li>Mugav kandmine t\u00e4nu ruumi t\u00e4itvale disainile v\u00f6\u00f6 all, tagades stabiilse positsiooni<\/li>\n<li>Vaakumpressitud 2,5 mm paksune Kydex ribidega suurema vastupidavuse ja j\u00e4ikuse saavutamiseks<\/li>\n<li>K\u00e4sitsi poleeritud servad maksimaalse mugavuse tagamiseks<\/li>\n<li>Kaldus relva positsioneerimine parema varjamise ja t\u00f5mbamise jaoks<\/li>\n<li>Reguleeritav haarde ja kalde nurk<\/li>\n<li>\u00dchildub punaste sihikute ja pikendatud relvatorude\/keermestusega<\/li>\n<\/ul>\n<p>T\u00e4pselt vormitud ja valmistatud \u00fchest Kydexi t\u00fckist, pakub see holster optimaalset varjamist ja mugavust. Selle avatud disain v\u00f5imaldab lihtsat puhastamist ja sobib erinevate relvamodifikatsioonidega.<\/p>\n<\/div>\n","protected":false},"excerpt":{"rendered":"<p>RH Frogy OWB v\u00f6\u00f6kott: Varjatud, mugav, reguleeritav kydex-kandmisviis.<\/p>\n","protected":false},"featured_media":45775,"template":"","meta":{"_acf_changed":false},"product_brand":[11636],"product_cat":[1002,1004,1392],"product_tag":[],"class_list":{"0":"post-45771","1":"product","2":"type-product","3":"status-publish","4":"has-post-thumbnail","6":"product_brand-rh-holsters","7":"product_cat-holster-et","8":"product_cat-sport-holster-et","9":"product_cat-tactical-holster-et","10":"pa_belt-size-40mm-et","11":"pa_model-glock-17-et","12":"pa_model-glock-19-23-32-et","13":"pa_strong-hand-right-et","15":"first","16":"instock","17":"taxable","18":"shipping-taxable","19":"purchasable","20":"product-type-variable","21":"wvs-archive-product-wrapper"},"acf":[],"_links":{"self":[{"href":"https:\/\/staging.nbg.eu\/et\/wp-json\/wp\/v2\/product\/45771","targetHints":{"allow":["GET"]}}],"collection":[{"href":"https:\/\/staging.nbg.eu\/et\/wp-json\/wp\/v2\/product"}],"about":[{"href":"https:\/\/staging.nbg.eu\/et\/wp-json\/wp\/v2\/types\/product"}],"wp:featuredmedia":[{"embeddable":true,"href":"https:\/\/staging.nbg.eu\/et\/wp-json\/wp\/v2\/media\/45775"}],"wp:attachment":[{"href":"https:\/\/staging.nbg.eu\/et\/wp-json\/wp\/v2\/media?parent=45771"}],"wp:term":[{"taxonomy":"product_brand","embeddable":true,"href":"https:\/\/staging.nbg.eu\/et\/wp-json\/wp\/v2\/product_brand?post=45771"},{"taxonomy":"product_cat","embeddable":true,"href":"https:\/\/staging.nbg.eu\/et\/wp-json\/wp\/v2\/product_cat?post=45771"},{"taxonomy":"product_tag","embeddable":true,"href":"https:\/\/staging.nbg.eu\/et\/wp-json\/wp\/v2\/product_tag?post=45771"}],"curies":[{"name":"wp","href":"https:\/\/api.w.org\/{rel}","templated":true}]}}