{"id":45469,"date":"2024-08-16T17:57:18","date_gmt":"2024-09-10T14:26:07","guid":{"rendered":"https:\/\/staging.nbg.eu\/product\/clips-ulticlip-3\/"},"modified":"2024-09-10T14:26:45","modified_gmt":"2024-09-10T14:26:45","slug":"klambrid-ulticlip-3","status":"publish","type":"product","link":"https:\/\/staging.nbg.eu\/et\/toode\/klambrid-ulticlip-3\/","title":{"rendered":"Klambrid Ulticlip 3+"},"content":{"rendered":"<div class=\"product-description\">\n<h2>Clips Ulticlip 3+: T\u00e4iuslik varjamine ja kinnitus<\/h2>\n<p>Koge v\u00f5rreldamatut varjamist ja kinnitust Ulticlip3+ abil. See 100% Ameerika toodetud klamber pakub:<\/p>\n<ul>\n<li>Suurep\u00e4rane v\u00f6\u00f6vaba kandmise v\u00f5imalus<\/li>\n<li>S\u00f5jav\u00e4ekvaliteediga must oksiidviimistlus<\/li>\n<li>Kuumt\u00f6\u00f6deldud C-1075 vedruteras (RC 42-49)<\/li>\n<li>Vaha\/\u00f5liga t\u00f6\u00f6deldud sujuvaks kasutamiseks ja roostetamise v\u00e4ltimiseks<\/li>\n<li>\u00dcle 10 korra parem kinnitus v\u00f5rreldes tavaliste kabuuriklambritega<\/li>\n<\/ul>\n<p>Ulticlip3+ on varustatud lameda kinnitusalaga, millel on 2 pilu ja 1 auk, v\u00f5imaldades mitmek\u00fclgseid kinnitusviise kuni 1,70-tollise augu vahega. Vaid 3,5&#8243; x 7\/8&#8243; suuruse ja 0,78 untsi kaaluga pakub see minimaalset profiili maksimaalse varjamisega.<\/p>\n<p>T\u00e4iusta oma relvakandmiss\u00fcsteemi Ulticlip3+ abil juba t\u00e4na!<\/p>\n<\/div>\n","protected":false},"excerpt":{"rendered":"<p>Turvaline, \u00f5huke klamber v\u00f6\u00f6ta kandmiseks. Mitu kinnitusviisi.<\/p>\n","protected":false},"featured_media":22715,"template":"","meta":{"_acf_changed":false},"product_brand":[],"product_cat":[542,1003],"product_tag":[],"class_list":{"0":"post-45469","1":"product","2":"type-product","3":"status-publish","4":"has-post-thumbnail","6":"product_cat-gear-et","7":"product_cat-holster-accessories-et","9":"first","10":"instock","11":"taxable","12":"shipping-taxable","13":"purchasable","14":"product-type-simple"},"acf":[],"_links":{"self":[{"href":"https:\/\/staging.nbg.eu\/et\/wp-json\/wp\/v2\/product\/45469","targetHints":{"allow":["GET"]}}],"collection":[{"href":"https:\/\/staging.nbg.eu\/et\/wp-json\/wp\/v2\/product"}],"about":[{"href":"https:\/\/staging.nbg.eu\/et\/wp-json\/wp\/v2\/types\/product"}],"wp:featuredmedia":[{"embeddable":true,"href":"https:\/\/staging.nbg.eu\/et\/wp-json\/wp\/v2\/media\/22715"}],"wp:attachment":[{"href":"https:\/\/staging.nbg.eu\/et\/wp-json\/wp\/v2\/media?parent=45469"}],"wp:term":[{"taxonomy":"product_brand","embeddable":true,"href":"https:\/\/staging.nbg.eu\/et\/wp-json\/wp\/v2\/product_brand?post=45469"},{"taxonomy":"product_cat","embeddable":true,"href":"https:\/\/staging.nbg.eu\/et\/wp-json\/wp\/v2\/product_cat?post=45469"},{"taxonomy":"product_tag","embeddable":true,"href":"https:\/\/staging.nbg.eu\/et\/wp-json\/wp\/v2\/product_tag?post=45469"}],"curies":[{"name":"wp","href":"https:\/\/api.w.org\/{rel}","templated":true}]}}