{"id":45345,"date":"2024-08-16T18:05:19","date_gmt":"2024-08-16T18:05:19","guid":{"rendered":"https:\/\/staging.nbg.eu\/product\/calypso-mini-weather-station-45m-s\/"},"modified":"2024-10-16T09:35:27","modified_gmt":"2024-10-16T09:35:27","slug":"calypso-ultraheli-kaasaskantav-mini-tuulemootja-45ms","status":"publish","type":"product","link":"https:\/\/staging.nbg.eu\/et\/toode\/calypso-ultraheli-kaasaskantav-mini-tuulemootja-45ms\/","title":{"rendered":"Calypso Ultraheli Kaasaskantav Mini Tuulem\u00f5\u00f5tja 45m\/s"},"content":{"rendered":"<h2>Calypso Mini 45m\/s ultraheliline anemomeeter<\/h2>\n<p>Tutvustame Calypso Mini 45m\/s, kompaktset ja mitmek\u00fclgset tuule m\u00f5\u00f5tmise lahendust. See miniatuurne ultraheliline anemomeeter ja tuulelipp \u00fchendab endas tipptasemel tehnoloogia ja kaasaskantavuse.<\/p>\n<h2>P\u00f5hiomadused:<\/h2>\n<ul>\n<li>Bluetooth-\u00fchenduvus lihtsaks andmete salvestamiseks<\/li>\n<li>Akutoitega koos juhtmevaba QI-laadimisega<\/li>\n<li>Ultraheliandurid t\u00f6\u00f6kindlaks ja usaldusv\u00e4\u00e4rseks toimimiseks<\/li>\n<li>M\u00f5\u00f5dab nii tuule kiirust kui ka suunda<\/li>\n<li>Kompaktne suurus: vaid 43 mm l\u00e4bim\u00f5\u00f5duga<\/li>\n<li>1\/4&#8243; sisekeermega statiivile kinnitamiseks<\/li>\n<li>\u00dchildub Anemotracker rakendusega<\/li>\n<li>Saadaval valikuline telefonihoidiku lisavarustus<\/li>\n<\/ul>\n<p>Calypso Mini 45m\/s sobib suurep\u00e4raselt erinevatele t\u00f6\u00f6stusharudele ja rakendustele, pakkudes professionaalse taseme tuulem\u00f5\u00f5tmisi k\u00e4eshoitavas seadmes. Selle juhtmevaba disain ja \u00fchilduvus NMEA-l\u00fc\u00fcsidega muudavad selle ideaalseks valikuks nii eraldiseisvaks kasutamiseks kui ka olemasolevatesse s\u00fcsteemidesse integreerimiseks.<\/p>\n","protected":false},"excerpt":{"rendered":"<p>Kompaktne Bluetoothi anemomeeter m\u00f5\u00f5dab tuule kiirust ja suunda. Rakendusega \u00fchilduv.<\/p>\n","protected":false},"featured_media":101823,"template":"","meta":{"_acf_changed":false},"product_brand":[11177],"product_cat":[1275,1276],"product_tag":[],"class_list":{"0":"post-45345","1":"product","2":"type-product","3":"status-publish","4":"has-post-thumbnail","6":"product_brand-calypso","7":"product_cat-tools-et","8":"product_cat-weather-meters-et","10":"first","11":"instock","12":"taxable","13":"shipping-taxable","14":"purchasable","15":"product-type-simple"},"acf":[],"_links":{"self":[{"href":"https:\/\/staging.nbg.eu\/et\/wp-json\/wp\/v2\/product\/45345","targetHints":{"allow":["GET"]}}],"collection":[{"href":"https:\/\/staging.nbg.eu\/et\/wp-json\/wp\/v2\/product"}],"about":[{"href":"https:\/\/staging.nbg.eu\/et\/wp-json\/wp\/v2\/types\/product"}],"wp:featuredmedia":[{"embeddable":true,"href":"https:\/\/staging.nbg.eu\/et\/wp-json\/wp\/v2\/media\/101823"}],"wp:attachment":[{"href":"https:\/\/staging.nbg.eu\/et\/wp-json\/wp\/v2\/media?parent=45345"}],"wp:term":[{"taxonomy":"product_brand","embeddable":true,"href":"https:\/\/staging.nbg.eu\/et\/wp-json\/wp\/v2\/product_brand?post=45345"},{"taxonomy":"product_cat","embeddable":true,"href":"https:\/\/staging.nbg.eu\/et\/wp-json\/wp\/v2\/product_cat?post=45345"},{"taxonomy":"product_tag","embeddable":true,"href":"https:\/\/staging.nbg.eu\/et\/wp-json\/wp\/v2\/product_tag?post=45345"}],"curies":[{"name":"wp","href":"https:\/\/api.w.org\/{rel}","templated":true}]}}