{"id":45323,"date":"2024-08-16T18:09:38","date_gmt":"2024-08-16T18:09:38","guid":{"rendered":"https:\/\/staging.nbg.eu\/product\/weather-dot\/"},"modified":"2024-10-16T09:42:02","modified_gmt":"2024-10-16T09:42:02","slug":"calypso-ilmastiku-dot","status":"publish","type":"product","link":"https:\/\/staging.nbg.eu\/et\/toode\/calypso-ilmastiku-dot\/","title":{"rendered":"Calypso Ilmastiku DOT"},"content":{"rendered":"<div class=\"product-description\">\n<h2>WeatherDot: Kaasaskantav ilmajaam<\/h2>\n<p>Koge t\u00e4pset ilmaseire WeatherDot&#8217;iga, oma kompaktse ja mitmek\u00fclgse ilmajaamaga. See kerge seade pakub temperatuuri-, r\u00f5hu- ja niiskusanduritega varustatud:<\/p>\n<ul>\n<li>Bluetooth-\u00fchenduvust<\/li>\n<li>24 000 andmepunkti salvestamist<\/li>\n<li>Statiivi kinnituse \u00fchilduvust<\/li>\n<li>400-tunnist aku kestvust juhtmevaba QI laadimisega<\/li>\n<li>\u00dchilduvust tasuta Anemotracker rakendusega (iOS\/Android)<\/li>\n<\/ul>\n<p>Ideaalne eraldiseisvaks kasutamiseks v\u00f5i koos meie ultraheliportatiivse mini-tuulem\u00f5\u00f5tjaga. Komplekt sisaldab WeatherDot seadet, juhtmevaba QI laadijat USB-kaabliga ja l\u00fchikest kasutusjuhendit.<\/p>\n<p>Ole oma keskkonnast teadlik WeatherDot&#8217;iga \u2013 sinu kaasaskantav ilmakaaslane!<\/p>\n<\/div>\n","protected":false},"excerpt":{"rendered":"<p>Kaasaskantav ilmajaam: temperatuur, r\u00f5hk, niiskus. Bluetooth, rakendusega \u00fchilduv.<\/p>\n","protected":false},"featured_media":102238,"template":"","meta":{"_acf_changed":false},"product_brand":[11177],"product_cat":[1275,1276],"product_tag":[],"class_list":{"0":"post-45323","1":"product","2":"type-product","3":"status-publish","4":"has-post-thumbnail","6":"product_brand-calypso","7":"product_cat-tools-et","8":"product_cat-weather-meters-et","10":"first","11":"outofstock","12":"taxable","13":"shipping-taxable","14":"purchasable","15":"product-type-simple"},"acf":[],"_links":{"self":[{"href":"https:\/\/staging.nbg.eu\/et\/wp-json\/wp\/v2\/product\/45323","targetHints":{"allow":["GET"]}}],"collection":[{"href":"https:\/\/staging.nbg.eu\/et\/wp-json\/wp\/v2\/product"}],"about":[{"href":"https:\/\/staging.nbg.eu\/et\/wp-json\/wp\/v2\/types\/product"}],"wp:featuredmedia":[{"embeddable":true,"href":"https:\/\/staging.nbg.eu\/et\/wp-json\/wp\/v2\/media\/102238"}],"wp:attachment":[{"href":"https:\/\/staging.nbg.eu\/et\/wp-json\/wp\/v2\/media?parent=45323"}],"wp:term":[{"taxonomy":"product_brand","embeddable":true,"href":"https:\/\/staging.nbg.eu\/et\/wp-json\/wp\/v2\/product_brand?post=45323"},{"taxonomy":"product_cat","embeddable":true,"href":"https:\/\/staging.nbg.eu\/et\/wp-json\/wp\/v2\/product_cat?post=45323"},{"taxonomy":"product_tag","embeddable":true,"href":"https:\/\/staging.nbg.eu\/et\/wp-json\/wp\/v2\/product_tag?post=45323"}],"curies":[{"name":"wp","href":"https:\/\/api.w.org\/{rel}","templated":true}]}}