{"id":45172,"date":"2024-08-18T09:26:06","date_gmt":"2024-09-10T13:11:35","guid":{"rendered":"https:\/\/staging.nbg.eu\/product\/premium-belt-security-loop\/"},"modified":"2024-09-10T13:12:13","modified_gmt":"2024-09-10T13:12:13","slug":"premium-voeoe-turvasilmus","status":"publish","type":"product","link":"https:\/\/staging.nbg.eu\/et\/toode\/premium-voeoe-turvasilmus\/","title":{"rendered":"Premium V\u00f6\u00f6 Turvasilmus"},"content":{"rendered":"<p>Kinnitage oma v\u00f6\u00f6 DAA Premium Belt turvaaasaga. Mugavuse ja haarduvuse tagamiseks kummeeritud, hoiab see teie v\u00f6\u00f6d paigal intensiivsete laskmissessioonide ajal. Sobib enamikule standardsetele v\u00f6\u00f6dele.<\/p>\n","protected":false},"excerpt":{"rendered":"<p>Turvaline v\u00f6\u00f6kinnitus: Kummeeritud haare, takistab nihkumist, sobib standardsetele v\u00f6\u00f6dele.<\/p>\n","protected":false},"featured_media":26094,"template":"","meta":{"_acf_changed":false},"product_brand":[11262],"product_cat":[542,1098],"product_tag":[],"class_list":{"0":"post-45172","1":"product","2":"type-product","3":"status-publish","4":"has-post-thumbnail","6":"product_brand-doublealpha","7":"product_cat-gear-et","8":"product_cat-sports-belts-et","10":"first","11":"instock","12":"taxable","13":"shipping-taxable","14":"purchasable","15":"product-type-simple"},"acf":[],"_links":{"self":[{"href":"https:\/\/staging.nbg.eu\/et\/wp-json\/wp\/v2\/product\/45172","targetHints":{"allow":["GET"]}}],"collection":[{"href":"https:\/\/staging.nbg.eu\/et\/wp-json\/wp\/v2\/product"}],"about":[{"href":"https:\/\/staging.nbg.eu\/et\/wp-json\/wp\/v2\/types\/product"}],"wp:featuredmedia":[{"embeddable":true,"href":"https:\/\/staging.nbg.eu\/et\/wp-json\/wp\/v2\/media\/26094"}],"wp:attachment":[{"href":"https:\/\/staging.nbg.eu\/et\/wp-json\/wp\/v2\/media?parent=45172"}],"wp:term":[{"taxonomy":"product_brand","embeddable":true,"href":"https:\/\/staging.nbg.eu\/et\/wp-json\/wp\/v2\/product_brand?post=45172"},{"taxonomy":"product_cat","embeddable":true,"href":"https:\/\/staging.nbg.eu\/et\/wp-json\/wp\/v2\/product_cat?post=45172"},{"taxonomy":"product_tag","embeddable":true,"href":"https:\/\/staging.nbg.eu\/et\/wp-json\/wp\/v2\/product_tag?post=45172"}],"curies":[{"name":"wp","href":"https:\/\/api.w.org\/{rel}","templated":true}]}}