{"id":45150,"date":"2024-08-18T09:26:36","date_gmt":"2024-08-18T09:26:36","guid":{"rendered":"https:\/\/staging.nbg.eu\/product\/daa-magnet-cover\/"},"modified":"2024-09-10T12:57:44","modified_gmt":"2024-09-10T12:57:44","slug":"daa-magneti-kaas","status":"publish","type":"product","link":"https:\/\/staging.nbg.eu\/et\/toode\/daa-magneti-kaas\/","title":{"rendered":"DAA Magneti Kaas"},"content":{"rendered":"<p>\nDAA magnetkate: Stiilne ja vastupidav nailonkate 48 mm magnetitele. Sisaldab magnetilist terasest DAA logo. V\u00e4hendab soovimatut magnetilist t\u00f5mmet, s\u00e4ilitades samal ajal funktsionaalsuse.<\/p>\n","protected":false},"excerpt":{"rendered":"<p>Stiilne, kaitsev kate DAA 48mm magnetitele. V\u00e4hendab magneetilist t\u00f5mmet.<\/p>\n","protected":false},"featured_media":26117,"template":"","meta":{"_acf_changed":false},"product_brand":[11262],"product_cat":[1002,1003],"product_tag":[],"class_list":{"0":"post-45150","1":"product","2":"type-product","3":"status-publish","4":"has-post-thumbnail","6":"product_brand-doublealpha","7":"product_cat-holster-et","8":"product_cat-holster-accessories-et","10":"first","11":"instock","12":"taxable","13":"shipping-taxable","14":"purchasable","15":"product-type-simple"},"acf":[],"_links":{"self":[{"href":"https:\/\/staging.nbg.eu\/et\/wp-json\/wp\/v2\/product\/45150","targetHints":{"allow":["GET"]}}],"collection":[{"href":"https:\/\/staging.nbg.eu\/et\/wp-json\/wp\/v2\/product"}],"about":[{"href":"https:\/\/staging.nbg.eu\/et\/wp-json\/wp\/v2\/types\/product"}],"wp:featuredmedia":[{"embeddable":true,"href":"https:\/\/staging.nbg.eu\/et\/wp-json\/wp\/v2\/media\/26117"}],"wp:attachment":[{"href":"https:\/\/staging.nbg.eu\/et\/wp-json\/wp\/v2\/media?parent=45150"}],"wp:term":[{"taxonomy":"product_brand","embeddable":true,"href":"https:\/\/staging.nbg.eu\/et\/wp-json\/wp\/v2\/product_brand?post=45150"},{"taxonomy":"product_cat","embeddable":true,"href":"https:\/\/staging.nbg.eu\/et\/wp-json\/wp\/v2\/product_cat?post=45150"},{"taxonomy":"product_tag","embeddable":true,"href":"https:\/\/staging.nbg.eu\/et\/wp-json\/wp\/v2\/product_tag?post=45150"}],"curies":[{"name":"wp","href":"https:\/\/api.w.org\/{rel}","templated":true}]}}