{"id":45128,"date":"2024-08-18T09:27:28","date_gmt":"2024-09-10T12:42:16","guid":{"rendered":"https:\/\/staging.nbg.eu\/product\/dillon-precision-daa-223-fast-flow-powder-funnel\/"},"modified":"2024-09-10T12:42:55","modified_gmt":"2024-09-10T12:42:55","slug":"dillon-precision-daa-223-kiire-voo-pulbrilehtrik","status":"publish","type":"product","link":"https:\/\/staging.nbg.eu\/et\/toode\/dillon-precision-daa-223-kiire-voo-pulbrilehtrik\/","title":{"rendered":"Dillon Precision &#8211; Daa .223 Kiire-Voo Pulbrilehtrik"},"content":{"rendered":"<div class=\"product-description\">\n<h2>Dillon Precision &#8211; DAA .223 Kiire Vooluga P\u00fcssirohulehtri<\/h2>\n<p>T\u00e4iustage oma .223 \u00fcmberlaadimiskogemust DAA .223 Kiire Vooluga Lehtriga. Koost\u00f6\u00f6s lennunduss\u00fcsteemide inseneri Andrew Murrell&#8217;i, CSEP-iga disainitud lehter parandab p\u00fcssirohu voolamise \u00fchtlust ja v\u00e4hendab pulk- v\u00f5i helvestatud p\u00fcssirohu sildumist.<\/p>\n<ul>\n<li>Valmistatud SUS303 roostevabast terasest<\/li>\n<li>Elektrol\u00fc\u00fctiliselt poleeritud peegelpind<\/li>\n<li>Suurep\u00e4rane roostekaitse ja kulumiskindlus<\/li>\n<li>Unikaalne sisemine lehtri kuju parema p\u00fcssirohu voolu jaoks<\/li>\n<li>\u00dchildub Dillon Powder Measures&#8217;iga<\/li>\n<\/ul>\n<p>Kogege erinevust meie t\u00e4ppistoodetud lehtriga, millel on t\u00e4psed tolerantsid ja klaassiledusega viimistlus, tagades maksimaalse j\u00f5udluse ja p\u00fcssirohu voolu.<\/p>\n<\/div>\n","protected":false},"excerpt":{"rendered":"<p>Voolujooneline .223 p\u00fcssirohu lehter \u00fchtlaseks ja sildadeta \u00fcmberlaadimiseks.<\/p>\n","protected":false},"featured_media":26232,"template":"","meta":{"_acf_changed":false},"product_brand":[11262],"product_cat":[1060,1224],"product_tag":[],"class_list":{"0":"post-45128","1":"product","2":"type-product","3":"status-publish","4":"has-post-thumbnail","6":"product_brand-doublealpha","7":"product_cat-reloading-et","8":"product_cat-reloading-accessories-et","10":"first","11":"instock","12":"taxable","13":"shipping-taxable","14":"purchasable","15":"product-type-simple"},"acf":[],"_links":{"self":[{"href":"https:\/\/staging.nbg.eu\/et\/wp-json\/wp\/v2\/product\/45128","targetHints":{"allow":["GET"]}}],"collection":[{"href":"https:\/\/staging.nbg.eu\/et\/wp-json\/wp\/v2\/product"}],"about":[{"href":"https:\/\/staging.nbg.eu\/et\/wp-json\/wp\/v2\/types\/product"}],"wp:featuredmedia":[{"embeddable":true,"href":"https:\/\/staging.nbg.eu\/et\/wp-json\/wp\/v2\/media\/26232"}],"wp:attachment":[{"href":"https:\/\/staging.nbg.eu\/et\/wp-json\/wp\/v2\/media?parent=45128"}],"wp:term":[{"taxonomy":"product_brand","embeddable":true,"href":"https:\/\/staging.nbg.eu\/et\/wp-json\/wp\/v2\/product_brand?post=45128"},{"taxonomy":"product_cat","embeddable":true,"href":"https:\/\/staging.nbg.eu\/et\/wp-json\/wp\/v2\/product_cat?post=45128"},{"taxonomy":"product_tag","embeddable":true,"href":"https:\/\/staging.nbg.eu\/et\/wp-json\/wp\/v2\/product_tag?post=45128"}],"curies":[{"name":"wp","href":"https:\/\/api.w.org\/{rel}","templated":true}]}}