{"id":45106,"date":"2024-08-18T09:27:48","date_gmt":"2024-09-10T12:34:24","guid":{"rendered":"https:\/\/staging.nbg.eu\/product\/thigh-pad-for-flex-alpha-x-racer-x-holsters\/"},"modified":"2024-09-10T12:35:02","modified_gmt":"2024-09-10T12:35:02","slug":"reiepolster-flex-alpha-x-racer-x-tupedele","status":"publish","type":"product","link":"https:\/\/staging.nbg.eu\/et\/toode\/reiepolster-flex-alpha-x-racer-x-tupedele\/","title":{"rendered":"Reiepolster Flex \/ Alpha-X \/ Racer-X Tupedele"},"content":{"rendered":"<div class=\"product-description\">\n<h2>DAA reiepadjand Flex \/ Alpha-X \/ Racer-X kabuuridele<\/h2>\n<p>Parandage oma laskmiskogemust DAA reiepadjandiga, mis sobib Alpha-X, Racer-X ja FLEX kabuuridele. See mitmek\u00fclgne padjand pakub:<\/p>\n<ul>\n<li>Lihtne paigaldus &#8211; kruve ega liimi pole vaja<\/li>\n<li>Kindel kinnitus kl\u00f5psatavate kinnitusnagadega<\/li>\n<li>Kompaktne, kuid t\u00f5hus disain<\/li>\n<li>Sobib nii parema- kui ka vasakuk\u00e4elistele kabuuridele<\/li>\n<\/ul>\n<p>Libistage reiepadjand lihtsalt kabuuri v\u00f6\u00f6kinnituse peale, kuni kinnitusnagad kl\u00f5psavad paika. Eemaldamiseks t\u00f5mmake nagad \u00fcles ja libistage \u00e4ra. See padjand on t\u00e4iuslik lisa teie Double-Alpha kabuurile, pakkudes lisamugavust ja stabiilsust tipplaskuritele \u00fcle maailma.<\/p>\n<\/div>\n","protected":false},"excerpt":{"rendered":"<p>Reiekaitse Alpha-X\/Racer-X jaoks: Turvaline, mugav, t\u00f6\u00f6riistu pole vaja.<\/p>\n","protected":false},"featured_media":26278,"template":"","meta":{"_acf_changed":false},"product_brand":[11262],"product_cat":[1003,1004],"product_tag":[],"class_list":{"0":"post-45106","1":"product","2":"type-product","3":"status-publish","4":"has-post-thumbnail","6":"product_brand-doublealpha","7":"product_cat-holster-accessories-et","8":"product_cat-sport-holster-et","10":"first","11":"instock","12":"taxable","13":"shipping-taxable","14":"purchasable","15":"product-type-simple"},"acf":[],"_links":{"self":[{"href":"https:\/\/staging.nbg.eu\/et\/wp-json\/wp\/v2\/product\/45106","targetHints":{"allow":["GET"]}}],"collection":[{"href":"https:\/\/staging.nbg.eu\/et\/wp-json\/wp\/v2\/product"}],"about":[{"href":"https:\/\/staging.nbg.eu\/et\/wp-json\/wp\/v2\/types\/product"}],"wp:featuredmedia":[{"embeddable":true,"href":"https:\/\/staging.nbg.eu\/et\/wp-json\/wp\/v2\/media\/26278"}],"wp:attachment":[{"href":"https:\/\/staging.nbg.eu\/et\/wp-json\/wp\/v2\/media?parent=45106"}],"wp:term":[{"taxonomy":"product_brand","embeddable":true,"href":"https:\/\/staging.nbg.eu\/et\/wp-json\/wp\/v2\/product_brand?post=45106"},{"taxonomy":"product_cat","embeddable":true,"href":"https:\/\/staging.nbg.eu\/et\/wp-json\/wp\/v2\/product_cat?post=45106"},{"taxonomy":"product_tag","embeddable":true,"href":"https:\/\/staging.nbg.eu\/et\/wp-json\/wp\/v2\/product_tag?post=45106"}],"curies":[{"name":"wp","href":"https:\/\/api.w.org\/{rel}","templated":true}]}}