{"id":45084,"date":"2024-08-18T09:28:23","date_gmt":"2024-08-18T09:28:23","guid":{"rendered":"https:\/\/staging.nbg.eu\/product\/daa-reloading-press-tool-holder\/"},"modified":"2024-09-10T12:29:19","modified_gmt":"2024-09-10T12:29:19","slug":"daa-laadimispressi-toeoeriistahoidja","status":"publish","type":"product","link":"https:\/\/staging.nbg.eu\/et\/toode\/daa-laadimispressi-toeoeriistahoidja\/","title":{"rendered":"Daa Laadimispressi T\u00f6\u00f6riistahoidja"},"content":{"rendered":"<div class=\"product-description\">\n<h2>DAA relvapadrunite laadimispressi t\u00f6\u00f6riistahoidja<\/h2>\n<p>Korrastage oma laadimist\u00f6\u00f6riistad selle mugava hoidjaga! Disainitud Dillon RL1100\/1050\/750\/650 presside jaoks, kinnitub h\u00f5lpsasti 1-tollisele (2,54 cm) ruut- v\u00f5i \u00fcmartorule.<\/p>\n<ul>\n<li>Vastupidav klaaskiuga tugevdatud nailonist konstruktsioon<\/li>\n<li>Kummiv\u00e4rvkate atraktiivse viimistluse jaoks<\/li>\n<li>Mahutab 7 kuuskantv\u00f5tit, matriitsv\u00f5tme ja 3 lisak\u00e4sit\u00f6\u00f6riista<\/li>\n<li>Suur s\u00fcvend v\u00e4ikeste osade hoidmiseks<\/li>\n<li>Sisseehitatud magnet metallesemete hoidmiseks<\/li>\n<\/ul>\n<p>T\u00e4iustage oma laadimiskomplekti selle mitmek\u00fclgse t\u00f6\u00f6riistahoidjaga! (T\u00f6\u00f6riistad ei kuulu komplekti)<\/p>\n<\/div>\n","protected":false},"excerpt":{"rendered":"<p>Mitmek\u00fclgne pressile kinnitatav hoidik relvapadrunite taaslaadimise t\u00f6\u00f6riistadele ja osadele.<\/p>\n","protected":false},"featured_media":26567,"template":"","meta":{"_acf_changed":false},"product_brand":[11262],"product_cat":[1060,1224],"product_tag":[],"class_list":{"0":"post-45084","1":"product","2":"type-product","3":"status-publish","4":"has-post-thumbnail","6":"product_brand-doublealpha","7":"product_cat-reloading-et","8":"product_cat-reloading-accessories-et","10":"first","11":"outofstock","12":"taxable","13":"shipping-taxable","14":"purchasable","15":"product-type-simple"},"acf":[],"_links":{"self":[{"href":"https:\/\/staging.nbg.eu\/et\/wp-json\/wp\/v2\/product\/45084","targetHints":{"allow":["GET"]}}],"collection":[{"href":"https:\/\/staging.nbg.eu\/et\/wp-json\/wp\/v2\/product"}],"about":[{"href":"https:\/\/staging.nbg.eu\/et\/wp-json\/wp\/v2\/types\/product"}],"wp:featuredmedia":[{"embeddable":true,"href":"https:\/\/staging.nbg.eu\/et\/wp-json\/wp\/v2\/media\/26567"}],"wp:attachment":[{"href":"https:\/\/staging.nbg.eu\/et\/wp-json\/wp\/v2\/media?parent=45084"}],"wp:term":[{"taxonomy":"product_brand","embeddable":true,"href":"https:\/\/staging.nbg.eu\/et\/wp-json\/wp\/v2\/product_brand?post=45084"},{"taxonomy":"product_cat","embeddable":true,"href":"https:\/\/staging.nbg.eu\/et\/wp-json\/wp\/v2\/product_cat?post=45084"},{"taxonomy":"product_tag","embeddable":true,"href":"https:\/\/staging.nbg.eu\/et\/wp-json\/wp\/v2\/product_tag?post=45084"}],"curies":[{"name":"wp","href":"https:\/\/api.w.org\/{rel}","templated":true}]}}