{"id":45062,"date":"2024-08-18T09:28:37","date_gmt":"2024-08-18T09:28:37","guid":{"rendered":"https:\/\/staging.nbg.eu\/product\/lynx-belt-steel-mini-punch-tool\/"},"modified":"2024-09-10T12:25:42","modified_gmt":"2024-09-10T12:25:42","slug":"lynx-voeoe-terasest-mini-torgats-toeoeriist","status":"publish","type":"product","link":"https:\/\/staging.nbg.eu\/et\/toode\/lynx-voeoe-terasest-mini-torgats-toeoeriist\/","title":{"rendered":"Lynx V\u00f6\u00f6: Terasest Mini Torgats T\u00f6\u00f6riist"},"content":{"rendered":"<p>Lynx Belt: terasest mini-augustaja on kompaktne, kohandatud terasest augustaja, mis on loodud rull-tihvtide kiireks ja lihtsaks eemaldamiseks. See kerge t\u00f6\u00f6riist on ideaalne rihmal\u00fclide reguleerimiseks, m\u00f5\u00f5tmetega 70 mm pikkust, 6 mm peadiameetrit ja 2,5 mm v\u00f5llil\u00e4bim\u00f5\u00f5tu. Suurep\u00e4rane lisand teie lasketiiru t\u00f6\u00f6riistakotti.<\/p>\n","protected":false},"excerpt":{"rendered":"<p>Kompaktne terasest augustamisriist kiireks ja lihtsaks rihmal\u00fcli reguleerimiseks.<\/p>\n","protected":false},"featured_media":26705,"template":"","meta":{"_acf_changed":false},"product_brand":[11262],"product_cat":[542,1098],"product_tag":[],"class_list":{"0":"post-45062","1":"product","2":"type-product","3":"status-publish","4":"has-post-thumbnail","6":"product_brand-doublealpha","7":"product_cat-gear-et","8":"product_cat-sports-belts-et","10":"first","11":"instock","12":"taxable","13":"shipping-taxable","14":"purchasable","15":"product-type-simple"},"acf":[],"_links":{"self":[{"href":"https:\/\/staging.nbg.eu\/et\/wp-json\/wp\/v2\/product\/45062","targetHints":{"allow":["GET"]}}],"collection":[{"href":"https:\/\/staging.nbg.eu\/et\/wp-json\/wp\/v2\/product"}],"about":[{"href":"https:\/\/staging.nbg.eu\/et\/wp-json\/wp\/v2\/types\/product"}],"wp:featuredmedia":[{"embeddable":true,"href":"https:\/\/staging.nbg.eu\/et\/wp-json\/wp\/v2\/media\/26705"}],"wp:attachment":[{"href":"https:\/\/staging.nbg.eu\/et\/wp-json\/wp\/v2\/media?parent=45062"}],"wp:term":[{"taxonomy":"product_brand","embeddable":true,"href":"https:\/\/staging.nbg.eu\/et\/wp-json\/wp\/v2\/product_brand?post=45062"},{"taxonomy":"product_cat","embeddable":true,"href":"https:\/\/staging.nbg.eu\/et\/wp-json\/wp\/v2\/product_cat?post=45062"},{"taxonomy":"product_tag","embeddable":true,"href":"https:\/\/staging.nbg.eu\/et\/wp-json\/wp\/v2\/product_tag?post=45062"}],"curies":[{"name":"wp","href":"https:\/\/api.w.org\/{rel}","templated":true}]}}