{"id":45040,"date":"2024-08-18T09:29:43","date_gmt":"2024-08-18T09:29:43","guid":{"rendered":"https:\/\/staging.nbg.eu\/product\/daa-primer-tube-cap-5-pack\/"},"modified":"2024-09-10T12:23:44","modified_gmt":"2024-09-10T12:23:44","slug":"daa-sueuetekapsli-toru-kork-5-pakk","status":"publish","type":"product","link":"https:\/\/staging.nbg.eu\/et\/toode\/daa-sueuetekapsli-toru-kork-5-pakk\/","title":{"rendered":"Daa S\u00fc\u00fctekapsli Toru Kork, 5-pakk"},"content":{"rendered":"<p>\n<strong>DAA s\u00fc\u00fctekapslitoru kork, 5 tk pakk<\/strong><br \/>\nKohandatud silikoonkummist otsakorgid 8 mm s\u00fc\u00fctekapslitorudele. Hoiab \u00e4ra lekked kiirlaadimisseadmete kasutamisel. Lihtne kasutada: libista peale, aseta tasasele pinnale. Enam pole s\u00fc\u00fctekapslite segadust!<\/p>\n<ul>\n<li>Sobib enamikule laadimistarvetele<\/li>\n<li>\u00dchildub DAA Primer-Pro ja teiste t\u00e4itjatega<\/li>\n<li>V\u00e4rv: Punane<\/li>\n<li>5 tk pakis<\/li>\n<\/ul>\n<p>Kinnitage oma s\u00fc\u00fctekapslid nende k\u00e4ep\u00e4raste korkidega!<\/p>\n","protected":false},"excerpt":{"rendered":"<p>Turvalised 8 mm praimeritopsid kergesti pealepandavate, lekekindlate silikoonkorkidega.<\/p>\n","protected":false},"featured_media":26728,"template":"","meta":{"_acf_changed":false},"product_brand":[11262],"product_cat":[1060,1224],"product_tag":[],"class_list":{"0":"post-45040","1":"product","2":"type-product","3":"status-publish","4":"has-post-thumbnail","6":"product_brand-doublealpha","7":"product_cat-reloading-et","8":"product_cat-reloading-accessories-et","10":"first","11":"outofstock","12":"taxable","13":"shipping-taxable","14":"purchasable","15":"product-type-simple"},"acf":[],"_links":{"self":[{"href":"https:\/\/staging.nbg.eu\/et\/wp-json\/wp\/v2\/product\/45040","targetHints":{"allow":["GET"]}}],"collection":[{"href":"https:\/\/staging.nbg.eu\/et\/wp-json\/wp\/v2\/product"}],"about":[{"href":"https:\/\/staging.nbg.eu\/et\/wp-json\/wp\/v2\/types\/product"}],"wp:featuredmedia":[{"embeddable":true,"href":"https:\/\/staging.nbg.eu\/et\/wp-json\/wp\/v2\/media\/26728"}],"wp:attachment":[{"href":"https:\/\/staging.nbg.eu\/et\/wp-json\/wp\/v2\/media?parent=45040"}],"wp:term":[{"taxonomy":"product_brand","embeddable":true,"href":"https:\/\/staging.nbg.eu\/et\/wp-json\/wp\/v2\/product_brand?post=45040"},{"taxonomy":"product_cat","embeddable":true,"href":"https:\/\/staging.nbg.eu\/et\/wp-json\/wp\/v2\/product_cat?post=45040"},{"taxonomy":"product_tag","embeddable":true,"href":"https:\/\/staging.nbg.eu\/et\/wp-json\/wp\/v2\/product_tag?post=45040"}],"curies":[{"name":"wp","href":"https:\/\/api.w.org\/{rel}","templated":true}]}}