{"id":45018,"date":"2024-08-18T09:29:56","date_gmt":"2024-09-10T12:18:05","guid":{"rendered":"https:\/\/staging.nbg.eu\/product\/buckle-kit-lynx\/"},"modified":"2024-09-10T12:18:41","modified_gmt":"2024-09-10T12:18:41","slug":"pange-komplekt-lynx","status":"publish","type":"product","link":"https:\/\/staging.nbg.eu\/et\/toode\/pange-komplekt-lynx\/","title":{"rendered":"Pange Komplekt &#8211; Lynx"},"content":{"rendered":"<div class=\"product-description\">\n<h2>Pandlakomplekt &#8211; Lynx<\/h2>\n<p>T\u00e4ienda oma Lynxi rihma meie kasutusvalmis pandlakomplektiga! See p\u00f5hjalik pakett sisaldab:<\/p>\n<ul>\n<li>T\u00e4ielikult kokku pandud Lynxi pannal<\/li>\n<li>Lynxi rihma otsat\u00fckk<\/li>\n<li>50 rulltihvti rihma kokkupanekuks<\/li>\n<li>Varuosana silikoonist O-r\u00f5ngas<\/li>\n<li>Kohandatud disainiga terasest minitangid<\/li>\n<\/ul>\n<p>Kinnita lihtsalt eelnevalt kokku pandud pannal oma Lynxi rihmale koheseks kasutamiseks. Meie komplekt sisaldab k\u00f5ike vajalikku kiireks ja mugavaks rihma t\u00e4iendamiseks.<\/p>\n<\/div>\n","protected":false},"excerpt":{"rendered":"<p>Kasutusvalmis Lynxi pandlakomplekt koos t\u00f6\u00f6riistadega v\u00f6\u00f6 lihtsaks kokkupanemiseks.<\/p>\n","protected":false},"featured_media":26774,"template":"","meta":{"_acf_changed":false},"product_brand":[11262],"product_cat":[542,1098],"product_tag":[],"class_list":{"0":"post-45018","1":"product","2":"type-product","3":"status-publish","4":"has-post-thumbnail","6":"product_brand-doublealpha","7":"product_cat-gear-et","8":"product_cat-sports-belts-et","10":"first","11":"instock","12":"taxable","13":"shipping-taxable","14":"purchasable","15":"product-type-simple"},"acf":[],"_links":{"self":[{"href":"https:\/\/staging.nbg.eu\/et\/wp-json\/wp\/v2\/product\/45018","targetHints":{"allow":["GET"]}}],"collection":[{"href":"https:\/\/staging.nbg.eu\/et\/wp-json\/wp\/v2\/product"}],"about":[{"href":"https:\/\/staging.nbg.eu\/et\/wp-json\/wp\/v2\/types\/product"}],"wp:featuredmedia":[{"embeddable":true,"href":"https:\/\/staging.nbg.eu\/et\/wp-json\/wp\/v2\/media\/26774"}],"wp:attachment":[{"href":"https:\/\/staging.nbg.eu\/et\/wp-json\/wp\/v2\/media?parent=45018"}],"wp:term":[{"taxonomy":"product_brand","embeddable":true,"href":"https:\/\/staging.nbg.eu\/et\/wp-json\/wp\/v2\/product_brand?post=45018"},{"taxonomy":"product_cat","embeddable":true,"href":"https:\/\/staging.nbg.eu\/et\/wp-json\/wp\/v2\/product_cat?post=45018"},{"taxonomy":"product_tag","embeddable":true,"href":"https:\/\/staging.nbg.eu\/et\/wp-json\/wp\/v2\/product_tag?post=45018"}],"curies":[{"name":"wp","href":"https:\/\/api.w.org\/{rel}","templated":true}]}}