{"id":44996,"date":"2024-08-18T09:30:21","date_gmt":"2024-08-18T09:30:21","guid":{"rendered":"https:\/\/staging.nbg.eu\/product\/lynx-belt-ratchet-buckle\/"},"modified":"2024-09-10T12:02:52","modified_gmt":"2024-09-10T12:02:52","slug":"lynx-voeoe-raeaegastkinnituse-pange","status":"publish","type":"product","link":"https:\/\/staging.nbg.eu\/et\/toode\/lynx-voeoe-raeaegastkinnituse-pange\/","title":{"rendered":"Lynx V\u00f6\u00f6 R\u00e4\u00e4gastkinnituse Pange"},"content":{"rendered":"<div class=\"product-description\">\n<h2>DAA Lynx v\u00f6\u00f6 pingutuspannal<\/h2>\n<p>T\u00e4iusta oma laskevarustust DAA Lynx v\u00f6\u00f6 pingutuspandla s\u00fcsteemiga. See uuenduslik pannal pakub:<\/p>\n<ul>\n<li>Suuremat pikkuse reguleeritavust riiete kompenseerimiseks<\/li>\n<li>Kiiret l\u00f5dvendamist ja pingutamist etappide vahel<\/li>\n<li>Vastupidavat terase ja alumiiniumi konstruktsiooni<\/li>\n<li>23 mm laiust kummirihma 16 cm reguleerimisvaruga<\/li>\n<li>Kaks eelnevalt puuritud musta l\u00fcli terasest keermestatud sisenditega<\/li>\n<\/ul>\n<p>Soovitatav paigutus: ees, kaburi ja esimese tasku vahel. Rihma saab vajadusel l\u00fchendada ja pandla suunda muuta. Paranda oma laskekogemust suurema mugavuse ja k\u00e4ep\u00e4rasusega!<\/p>\n<\/div>\n","protected":false},"excerpt":{"rendered":"<p>Trikliratas pannal v\u00f5imaldab rihma h\u00f5lpsasti reguleerida ja kiiresti pingutada.<\/p>\n","protected":false},"featured_media":26866,"template":"","meta":{"_acf_changed":false},"product_brand":[11262],"product_cat":[542,1098],"product_tag":[],"class_list":{"0":"post-44996","1":"product","2":"type-product","3":"status-publish","4":"has-post-thumbnail","6":"product_brand-doublealpha","7":"product_cat-gear-et","8":"product_cat-sports-belts-et","10":"first","11":"instock","12":"taxable","13":"shipping-taxable","14":"purchasable","15":"product-type-simple"},"acf":[],"_links":{"self":[{"href":"https:\/\/staging.nbg.eu\/et\/wp-json\/wp\/v2\/product\/44996","targetHints":{"allow":["GET"]}}],"collection":[{"href":"https:\/\/staging.nbg.eu\/et\/wp-json\/wp\/v2\/product"}],"about":[{"href":"https:\/\/staging.nbg.eu\/et\/wp-json\/wp\/v2\/types\/product"}],"wp:featuredmedia":[{"embeddable":true,"href":"https:\/\/staging.nbg.eu\/et\/wp-json\/wp\/v2\/media\/26866"}],"wp:attachment":[{"href":"https:\/\/staging.nbg.eu\/et\/wp-json\/wp\/v2\/media?parent=44996"}],"wp:term":[{"taxonomy":"product_brand","embeddable":true,"href":"https:\/\/staging.nbg.eu\/et\/wp-json\/wp\/v2\/product_brand?post=44996"},{"taxonomy":"product_cat","embeddable":true,"href":"https:\/\/staging.nbg.eu\/et\/wp-json\/wp\/v2\/product_cat?post=44996"},{"taxonomy":"product_tag","embeddable":true,"href":"https:\/\/staging.nbg.eu\/et\/wp-json\/wp\/v2\/product_tag?post=44996"}],"curies":[{"name":"wp","href":"https:\/\/api.w.org\/{rel}","templated":true}]}}