{"id":44974,"date":"2024-08-18T09:31:04","date_gmt":"2024-08-18T09:31:04","guid":{"rendered":"https:\/\/staging.nbg.eu\/product\/daa-1-die-box-end-wrench\/"},"modified":"2024-09-10T11:56:20","modified_gmt":"2024-09-10T11:56:20","slug":"daa-1-toeoeriist-kastivotmega","status":"publish","type":"product","link":"https:\/\/staging.nbg.eu\/et\/toode\/daa-1-toeoeriist-kastivotmega\/","title":{"rendered":"Daa 1&#8243; T\u00f6\u00f6riist, Kastiv\u00f5tmega"},"content":{"rendered":"<div class=\"product-description\">\n<h2>DAA 1-tolline mutriv\u00f5ti, kaetud otstega<\/h2>\n<p>Parim lahendus relvakoormajatele, kes vaevlevad suruvormi reguleerimisega kitsastel t\u00f6\u00f6peadel. See kohandatud, laseriga l\u00f5igatud roostevabast terasest v\u00f5ti sisaldab:<\/p>\n<ul>\n<li>\u00d5hukeseseinaline disain lihtsaks ligip\u00e4\u00e4suks suruvormide vahel<\/li>\n<li>Mitu haaratsit optimaalseks positsioneerimiseks<\/li>\n<li>Vastupidav konstruktsioon eluaegseks kasutamiseks<\/li>\n<li>T\u00e4ppisinseneeria 1-tolliste mutrite jaoks<\/li>\n<\/ul>\n<p>T\u00e4iusta oma relvalaadimise varustust selle h\u00e4davajaliku t\u00f6\u00f6riistaga, mis on loodud muutma suruvormi reguleerimise kiireks ja vaevavabaks. \u00dchildub standardsete 1-tolliste suruvormi mutritega, tagades maksimaalse mitmek\u00fclgsuse ja mugavuse.<\/p>\n<\/div>\n","protected":false},"excerpt":{"rendered":"<p>DAA 1-tolline matriitsv\u00f5ti: \u00f5huke, tugev, mitmek\u00fclgne. Lihtne juurdep\u00e4\u00e4s relvalaskemoona taaslaadijatele.<\/p>\n","protected":false},"featured_media":27004,"template":"","meta":{"_acf_changed":false},"product_brand":[11262],"product_cat":[1060,1224],"product_tag":[],"class_list":{"0":"post-44974","1":"product","2":"type-product","3":"status-publish","4":"has-post-thumbnail","6":"product_brand-doublealpha","7":"product_cat-reloading-et","8":"product_cat-reloading-accessories-et","10":"first","11":"outofstock","12":"taxable","13":"shipping-taxable","14":"purchasable","15":"product-type-simple"},"acf":[],"_links":{"self":[{"href":"https:\/\/staging.nbg.eu\/et\/wp-json\/wp\/v2\/product\/44974","targetHints":{"allow":["GET"]}}],"collection":[{"href":"https:\/\/staging.nbg.eu\/et\/wp-json\/wp\/v2\/product"}],"about":[{"href":"https:\/\/staging.nbg.eu\/et\/wp-json\/wp\/v2\/types\/product"}],"wp:featuredmedia":[{"embeddable":true,"href":"https:\/\/staging.nbg.eu\/et\/wp-json\/wp\/v2\/media\/27004"}],"wp:attachment":[{"href":"https:\/\/staging.nbg.eu\/et\/wp-json\/wp\/v2\/media?parent=44974"}],"wp:term":[{"taxonomy":"product_brand","embeddable":true,"href":"https:\/\/staging.nbg.eu\/et\/wp-json\/wp\/v2\/product_brand?post=44974"},{"taxonomy":"product_cat","embeddable":true,"href":"https:\/\/staging.nbg.eu\/et\/wp-json\/wp\/v2\/product_cat?post=44974"},{"taxonomy":"product_tag","embeddable":true,"href":"https:\/\/staging.nbg.eu\/et\/wp-json\/wp\/v2\/product_tag?post=44974"}],"curies":[{"name":"wp","href":"https:\/\/api.w.org\/{rel}","templated":true}]}}