{"id":44952,"date":"2024-08-18T09:31:20","date_gmt":"2024-08-18T09:31:20","guid":{"rendered":"https:\/\/staging.nbg.eu\/product\/dillon-daa-click-adjustable-powder-knob-v2\/"},"modified":"2024-09-10T11:50:49","modified_gmt":"2024-09-10T11:50:49","slug":"dillon-daa-klopsuga-reguleeritav-pulbrinupp-v2","status":"publish","type":"product","link":"https:\/\/staging.nbg.eu\/et\/toode\/dillon-daa-klopsuga-reguleeritav-pulbrinupp-v2\/","title":{"rendered":"Dillon &#8211; Daa Kl\u00f5psuga Reguleeritav Pulbrinupp V2"},"content":{"rendered":"<div class=\"product-description\">\n<h2>Dillon &#8211; DAA Kl\u00f5psuga reguleeritav p\u00fcssirohunupp V2<\/h2>\n<p>T\u00e4iustage oma laskemoona taaslaadimise kogemust DAA t\u00e4iustatud teise p\u00f5lvkonna Click-Adjustable Powder Knob V2-ga. See t\u00e4ppistoodetud nupp sisaldab j\u00e4rgmisi omadusi:<\/p>\n<ul>\n<li>Kaheosaline alumiiniumkonstruktsioon lihtsaks kokkupanekuks<\/li>\n<li>32 mm \u00fcmmargune, freesitud alumiiniumnupp lasergraveringuga<\/li>\n<li>Rihveldatud v\u00e4lisserv parema haarde ja kontrolli jaoks<\/li>\n<li>Kuuldavad kl\u00f5psud t\u00e4psete 18-kraadiste reguleerimiste jaoks<\/li>\n<li>20 kl\u00f5psu p\u00f6\u00f6rde kohta t\u00e4pseks p\u00fcssirohukoguse kontrollimiseks<\/li>\n<li>Lasergraveringuga skaala, mis n\u00e4itab laengu suurendamist\/v\u00e4hendamist<\/li>\n<li>\u00dchildub v\u00e4ikeste Dilloni laenguvarrastega (ei sobi suurte p\u00fcssirohulaaduritega)<\/li>\n<\/ul>\n<p>Paigaldage ja reguleerige oma p\u00fcssirohukoguseid vaevata selle elegantse, funktsionaalse ja kasutajas\u00f5braliku nupuga. T\u00e4iustage oma taaslaadimisseadet juba t\u00e4na!<\/p>\n<\/div>\n","protected":false},"excerpt":{"rendered":"<p>T\u00e4pne ja lihtsalt kasutatav p\u00fcssirohu koguse reguleerimiss\u00fcsteem Dilloni pressidele.<\/p>\n","protected":false},"featured_media":27050,"template":"","meta":{"_acf_changed":false},"product_brand":[11262],"product_cat":[1060,1224],"product_tag":[],"class_list":{"0":"post-44952","1":"product","2":"type-product","3":"status-publish","4":"has-post-thumbnail","6":"product_brand-doublealpha","7":"product_cat-reloading-et","8":"product_cat-reloading-accessories-et","10":"first","11":"outofstock","12":"taxable","13":"shipping-taxable","14":"purchasable","15":"product-type-simple"},"acf":[],"_links":{"self":[{"href":"https:\/\/staging.nbg.eu\/et\/wp-json\/wp\/v2\/product\/44952","targetHints":{"allow":["GET"]}}],"collection":[{"href":"https:\/\/staging.nbg.eu\/et\/wp-json\/wp\/v2\/product"}],"about":[{"href":"https:\/\/staging.nbg.eu\/et\/wp-json\/wp\/v2\/types\/product"}],"wp:featuredmedia":[{"embeddable":true,"href":"https:\/\/staging.nbg.eu\/et\/wp-json\/wp\/v2\/media\/27050"}],"wp:attachment":[{"href":"https:\/\/staging.nbg.eu\/et\/wp-json\/wp\/v2\/media?parent=44952"}],"wp:term":[{"taxonomy":"product_brand","embeddable":true,"href":"https:\/\/staging.nbg.eu\/et\/wp-json\/wp\/v2\/product_brand?post=44952"},{"taxonomy":"product_cat","embeddable":true,"href":"https:\/\/staging.nbg.eu\/et\/wp-json\/wp\/v2\/product_cat?post=44952"},{"taxonomy":"product_tag","embeddable":true,"href":"https:\/\/staging.nbg.eu\/et\/wp-json\/wp\/v2\/product_tag?post=44952"}],"curies":[{"name":"wp","href":"https:\/\/api.w.org\/{rel}","templated":true}]}}