{"id":44930,"date":"2024-08-18T09:31:43","date_gmt":"2024-08-18T09:31:43","guid":{"rendered":"https:\/\/staging.nbg.eu\/product\/daa-reloading-hex-key-set\/"},"modified":"2024-09-10T11:35:36","modified_gmt":"2024-09-10T11:35:36","slug":"daa-laadimisvotmete-kuuskantkomplekt","status":"publish","type":"product","link":"https:\/\/staging.nbg.eu\/et\/toode\/daa-laadimisvotmete-kuuskantkomplekt\/","title":{"rendered":"# Daa Laadimisv\u00f5tmete Kuuskantkomplekt"},"content":{"rendered":"<p>T\u00e4iustage oma relvalaskemoona \u00fcmberlaadimiskogemust DAA \u00fcmberlaadimise kuuskantv\u00f5tmete komplektiga. See 7-osaline pikkade, kuuliotsaga kuuskantv\u00f5tmete komplekt sisaldab:<\/p>\n<ul>\n<li>Tipptasemel konstruktsioon<\/li>\n<li>Erksad punased vin\u00fc\u00fclkattega \u00f5lad n\u00e4htavuse parandamiseks<\/li>\n<li>Sobib ideaalselt Dilloni ja teiste USA-toodetud pressidega<\/li>\n<li>Suurused: 5\/64&#8243;, 3\/32&#8243;, 1\/8&#8243;, 9\/64&#8243;, 5\/32&#8243;, 3\/16&#8243;, 1\/4&#8243;<\/li>\n<\/ul>\n<p>Ideaalne kaaslane DAA \u00fcmberlaadimispress-t\u00f6\u00f6riistahoidjale.<\/p>\n","protected":false},"excerpt":{"rendered":"<p>7-osaline kuulpea-otsaga kuuskantv\u00f5tmete komplekt USA relvapadrunite taaslaadimispressidele. Punane vin\u00fc\u00fcl.<\/p>\n","protected":false},"featured_media":27142,"template":"","meta":{"_acf_changed":false},"product_brand":[11262],"product_cat":[1060,1224],"product_tag":[],"class_list":{"0":"post-44930","1":"product","2":"type-product","3":"status-publish","4":"has-post-thumbnail","6":"product_brand-doublealpha","7":"product_cat-reloading-et","8":"product_cat-reloading-accessories-et","10":"first","11":"outofstock","12":"taxable","13":"shipping-taxable","14":"purchasable","15":"product-type-simple"},"acf":[],"_links":{"self":[{"href":"https:\/\/staging.nbg.eu\/et\/wp-json\/wp\/v2\/product\/44930","targetHints":{"allow":["GET"]}}],"collection":[{"href":"https:\/\/staging.nbg.eu\/et\/wp-json\/wp\/v2\/product"}],"about":[{"href":"https:\/\/staging.nbg.eu\/et\/wp-json\/wp\/v2\/types\/product"}],"wp:featuredmedia":[{"embeddable":true,"href":"https:\/\/staging.nbg.eu\/et\/wp-json\/wp\/v2\/media\/27142"}],"wp:attachment":[{"href":"https:\/\/staging.nbg.eu\/et\/wp-json\/wp\/v2\/media?parent=44930"}],"wp:term":[{"taxonomy":"product_brand","embeddable":true,"href":"https:\/\/staging.nbg.eu\/et\/wp-json\/wp\/v2\/product_brand?post=44930"},{"taxonomy":"product_cat","embeddable":true,"href":"https:\/\/staging.nbg.eu\/et\/wp-json\/wp\/v2\/product_cat?post=44930"},{"taxonomy":"product_tag","embeddable":true,"href":"https:\/\/staging.nbg.eu\/et\/wp-json\/wp\/v2\/product_tag?post=44930"}],"curies":[{"name":"wp","href":"https:\/\/api.w.org\/{rel}","templated":true}]}}