{"id":44886,"date":"2024-08-18T09:33:06","date_gmt":"2024-08-18T09:33:06","guid":{"rendered":"https:\/\/staging.nbg.eu\/product\/daa-hard-case-medium-300\/"},"modified":"2024-09-10T11:26:43","modified_gmt":"2024-09-10T11:26:43","slug":"daa-kovakohver-keskmine-300","status":"publish","type":"product","link":"https:\/\/staging.nbg.eu\/et\/toode\/daa-kovakohver-keskmine-300\/","title":{"rendered":"Daa K\u00f5vakohver Keskmine &#8211; 300"},"content":{"rendered":"<div class=\"product-description\">\n<h2>DAA Keskmine K\u00f5vakohver &#8211; 300<\/h2>\n<p>IP67 sertifikaadiga DAA Keskmine K\u00f5vakohver-300 pakub v\u00f5rreldamatut kaitset teie tulirelvadele ja v\u00e4\u00e4rtuslikule varustusele. See kohver on loodud vastupidavaks ja usaldusv\u00e4\u00e4rseks kasutamiseks erinevates valdkondades, sealhulgas merenduses, fotograafias, jahinduses ja muudes.<\/p>\n<h3>P\u00f5hiomadused:<\/h3>\n<ul>\n<li>Veekindel tihend ja automaatne r\u00f5huvabastusklapp<\/li>\n<li>Topeltlukustusega riivid ja tabaluku augud turvalisuse tagamiseks<\/li>\n<li>Virnastatav lukustuss\u00fcsteem<\/li>\n<li>Pick N Pluck vahtplastist sisemus kohandatud kaitseks<\/li>\n<li>Saadaval mustas v\u00f5i oran\u017eis v\u00e4rvitoonis<\/li>\n<\/ul>\n<h3>Tehnilised andmed:<\/h3>\n<ul>\n<li>V\u00e4lism\u00f5\u00f5tmed: 336 x 300 x 148 mm<\/li>\n<li>Sisem\u00f5\u00f5tmed: 300 x 225 x 132 mm<\/li>\n<li>Kaal: 1,75 kg<\/li>\n<\/ul>\n<p>DAA Keskmine K\u00f5vakohver-300 on ideaalne tulirelvade transportimiseks, tagades teie v\u00e4\u00e4rtusliku varustuse ohutuse ja turvalisuse igas keskkonnas.<\/p>\n<\/div>\n","protected":false},"excerpt":{"rendered":"<p>Vastupidav IP67 klassi tulirelvade kohver. Veekindel, tolmukindel, l\u00f6\u00f6gikindel.<\/p>\n","protected":false},"featured_media":27211,"template":"","meta":{"_acf_changed":false},"product_brand":[11262],"product_cat":[542],"product_tag":[],"class_list":{"0":"post-44886","1":"product","2":"type-product","3":"status-publish","4":"has-post-thumbnail","6":"product_brand-doublealpha","7":"product_cat-gear-et","9":"first","10":"outofstock","11":"taxable","12":"shipping-taxable","13":"purchasable","14":"product-type-simple"},"acf":[],"_links":{"self":[{"href":"https:\/\/staging.nbg.eu\/et\/wp-json\/wp\/v2\/product\/44886","targetHints":{"allow":["GET"]}}],"collection":[{"href":"https:\/\/staging.nbg.eu\/et\/wp-json\/wp\/v2\/product"}],"about":[{"href":"https:\/\/staging.nbg.eu\/et\/wp-json\/wp\/v2\/types\/product"}],"wp:featuredmedia":[{"embeddable":true,"href":"https:\/\/staging.nbg.eu\/et\/wp-json\/wp\/v2\/media\/27211"}],"wp:attachment":[{"href":"https:\/\/staging.nbg.eu\/et\/wp-json\/wp\/v2\/media?parent=44886"}],"wp:term":[{"taxonomy":"product_brand","embeddable":true,"href":"https:\/\/staging.nbg.eu\/et\/wp-json\/wp\/v2\/product_brand?post=44886"},{"taxonomy":"product_cat","embeddable":true,"href":"https:\/\/staging.nbg.eu\/et\/wp-json\/wp\/v2\/product_cat?post=44886"},{"taxonomy":"product_tag","embeddable":true,"href":"https:\/\/staging.nbg.eu\/et\/wp-json\/wp\/v2\/product_tag?post=44886"}],"curies":[{"name":"wp","href":"https:\/\/api.w.org\/{rel}","templated":true}]}}