{"id":44864,"date":"2024-08-18T09:33:23","date_gmt":"2024-08-18T09:33:23","guid":{"rendered":"https:\/\/staging.nbg.eu\/product\/daa-toolhead-led-lighting-pcb-dillon-1050-1100\/"},"modified":"2024-09-10T11:21:20","modified_gmt":"2024-09-10T11:21:20","slug":"daa-toeoeriistaotsa-led-valgustuse-truekkplaat-dillon-10501100","status":"publish","type":"product","link":"https:\/\/staging.nbg.eu\/et\/toode\/daa-toeoeriistaotsa-led-valgustuse-truekkplaat-dillon-10501100\/","title":{"rendered":"Daa T\u00f6\u00f6riistaotsa Led Valgustuse Tr\u00fckkplaat &#8211; Dillon 1050\/1100"},"content":{"rendered":"<h2>DAA t\u00f6\u00f6riistapea LED-valgustuse tr\u00fckkplaat &#8211; Dillon 1050\/1100<\/h2>\n<p>T\u00e4iustage oma laskemoona taaslaadimise kogemust DAA t\u00f6\u00f6riistapea LED-valgustuse tr\u00fckkplaadiga Dillon 1050\/1100 jaoks. See kvaliteetne alumiiniumist tr\u00fckkplaat sisaldab:<\/p>\n<ul>\n<li>8 eredat LED-tuld t\u00e4iuslikuks padrunisalve valgustamiseks<\/li>\n<li>Valge v\u00e4rv suurendatud valguse peegeldamiseks<\/li>\n<li>Eelpaigaldatud kahepoolne kleeplint lihtsaks paigaldamiseks<\/li>\n<li>\u00dchildub DAA juhtseadmega (m\u00fc\u00fcakse eraldi)<\/li>\n<li>H\u00e4mardi funktsioon kohandatavaks valgustuseks<\/li>\n<\/ul>\n<p>V\u00e4hendage silmade pinget ja minimeerige vigu taaslaadimise ajal. Sujuv disain v\u00f5imaldab kulut\u00f5husaid mitme t\u00f6\u00f6riistapea seadistusi. \u00dchildub Dillon CP2000 t\u00f6\u00f6riistapeaga (jaam 4 peab j\u00e4\u00e4ma vabaks). T\u00e4iustage oma taaslaadimisjaama juba t\u00e4na!<\/p>\n","protected":false},"excerpt":{"rendered":"<p>Ere LED-valgustus Dillon 1050\/1100 laskemoonatootmisseadmele, parandab n\u00e4htavust.<\/p>\n","protected":false},"featured_media":27234,"template":"","meta":{"_acf_changed":false},"product_brand":[11262],"product_cat":[1060,1224],"product_tag":[],"class_list":{"0":"post-44864","1":"product","2":"type-product","3":"status-publish","4":"has-post-thumbnail","6":"product_brand-doublealpha","7":"product_cat-reloading-et","8":"product_cat-reloading-accessories-et","10":"first","11":"outofstock","12":"taxable","13":"shipping-taxable","14":"purchasable","15":"product-type-simple"},"acf":[],"_links":{"self":[{"href":"https:\/\/staging.nbg.eu\/et\/wp-json\/wp\/v2\/product\/44864","targetHints":{"allow":["GET"]}}],"collection":[{"href":"https:\/\/staging.nbg.eu\/et\/wp-json\/wp\/v2\/product"}],"about":[{"href":"https:\/\/staging.nbg.eu\/et\/wp-json\/wp\/v2\/types\/product"}],"wp:featuredmedia":[{"embeddable":true,"href":"https:\/\/staging.nbg.eu\/et\/wp-json\/wp\/v2\/media\/27234"}],"wp:attachment":[{"href":"https:\/\/staging.nbg.eu\/et\/wp-json\/wp\/v2\/media?parent=44864"}],"wp:term":[{"taxonomy":"product_brand","embeddable":true,"href":"https:\/\/staging.nbg.eu\/et\/wp-json\/wp\/v2\/product_brand?post=44864"},{"taxonomy":"product_cat","embeddable":true,"href":"https:\/\/staging.nbg.eu\/et\/wp-json\/wp\/v2\/product_cat?post=44864"},{"taxonomy":"product_tag","embeddable":true,"href":"https:\/\/staging.nbg.eu\/et\/wp-json\/wp\/v2\/product_tag?post=44864"}],"curies":[{"name":"wp","href":"https:\/\/api.w.org\/{rel}","templated":true}]}}