{"id":44842,"date":"2024-08-18T09:33:44","date_gmt":"2024-08-18T09:33:44","guid":{"rendered":"https:\/\/staging.nbg.eu\/product\/pro-grip-lotion-2oz\/"},"modified":"2024-09-10T11:15:04","modified_gmt":"2024-09-10T11:15:04","slug":"pro-grip-losjoon-2oz","status":"publish","type":"product","link":"https:\/\/staging.nbg.eu\/et\/toode\/pro-grip-losjoon-2oz\/","title":{"rendered":"Pro Grip Losjoon 2Oz"},"content":{"rendered":"<p>\nParandage oma laskmisoskusi Pro Grip Lotion 2Oz-ga. Seda usaldavad meistrid nagu Jerry Barnhart, Todd Jarrett ja Saul Kirsch. See mugavalt pakendatud kreem \u00fcletab kampoli ja kriidi t\u00f5hususe. Kogege paremat haaret, relva kontrolli ja kiiremat taastumisaega. Pro Grip on h\u00e4davajalik iga laskuri kotis ning on saladusrelv edukaks tegevuslaskmiseks.<\/p>\n","protected":false},"excerpt":{"rendered":"<p>Pro Grip: Meistrite heakskiidetud kreem \u00fclimatult heaks relva kontrolli tagamiseks.<\/p>\n","protected":false},"featured_media":27280,"template":"","meta":{"_acf_changed":false},"product_brand":[11262],"product_cat":[542,1002,1003],"product_tag":[],"class_list":{"0":"post-44842","1":"product","2":"type-product","3":"status-publish","4":"has-post-thumbnail","6":"product_brand-doublealpha","7":"product_cat-gear-et","8":"product_cat-holster-et","9":"product_cat-holster-accessories-et","11":"first","12":"instock","13":"taxable","14":"shipping-taxable","15":"purchasable","16":"product-type-simple"},"acf":[],"_links":{"self":[{"href":"https:\/\/staging.nbg.eu\/et\/wp-json\/wp\/v2\/product\/44842","targetHints":{"allow":["GET"]}}],"collection":[{"href":"https:\/\/staging.nbg.eu\/et\/wp-json\/wp\/v2\/product"}],"about":[{"href":"https:\/\/staging.nbg.eu\/et\/wp-json\/wp\/v2\/types\/product"}],"wp:featuredmedia":[{"embeddable":true,"href":"https:\/\/staging.nbg.eu\/et\/wp-json\/wp\/v2\/media\/27280"}],"wp:attachment":[{"href":"https:\/\/staging.nbg.eu\/et\/wp-json\/wp\/v2\/media?parent=44842"}],"wp:term":[{"taxonomy":"product_brand","embeddable":true,"href":"https:\/\/staging.nbg.eu\/et\/wp-json\/wp\/v2\/product_brand?post=44842"},{"taxonomy":"product_cat","embeddable":true,"href":"https:\/\/staging.nbg.eu\/et\/wp-json\/wp\/v2\/product_cat?post=44842"},{"taxonomy":"product_tag","embeddable":true,"href":"https:\/\/staging.nbg.eu\/et\/wp-json\/wp\/v2\/product_tag?post=44842"}],"curies":[{"name":"wp","href":"https:\/\/api.w.org\/{rel}","templated":true}]}}