{"id":44820,"date":"2024-08-18T09:34:28","date_gmt":"2024-08-18T09:34:28","guid":{"rendered":"https:\/\/staging.nbg.eu\/product\/daa-magnet-with-m5-screw-for-rm-pouch\/"},"modified":"2024-09-10T11:11:14","modified_gmt":"2024-09-10T11:11:14","slug":"daa-magnet-m5-kruuviga","status":"publish","type":"product","link":"https:\/\/staging.nbg.eu\/et\/toode\/daa-magnet-m5-kruuviga\/","title":{"rendered":"DAA Magnet M5 Kruuviga"},"content":{"rendered":"<h2>DAA supertugevad magnetid Alpha-Xi\/X ja Race Master salvetaskutele<\/h2>\n<p>T\u00e4iustage oma laskmisvahendeid meie v\u00f5imsate DAA supertugevate magnetitega, mis on loodud Alpha-Xi, Alpha-X ja Race Master salvetaskute jaoks.<\/p>\n<ul>\n<li>Tsingitud vastupidavuse tagamiseks<\/li>\n<li>Muljetavaldav 87kg t\u00f5mbej\u00f5ud<\/li>\n<li>50mm l\u00e4bim\u00f5\u00f5t, 12mm paksus (koos \u00fcmbrisega)<\/li>\n<li>Kindel kinnitus M5 kruviga<\/li>\n<\/ul>\n<p>Paigaldamine on lihtne:<\/p>\n<ol>\n<li>Keermestage 4,2mm auk salvetasku esik\u00fcljel M5 keermepuuriga<\/li>\n<li>Keerake magnet ettevaatlikult sisse<\/li>\n<li>Kinnitage LockTite&#8217;iga t\u00e4iendava stabiilsuse tagamiseks<\/li>\n<\/ol>\n<p>Kogege kindlat salve paigutamist ja hoidmist d\u00fcnaamiliste liigutuste ajal. T\u00e4iustage oma salvetaskut juba t\u00e4na parema j\u00f5udluse saavutamiseks!<\/p>\n","protected":false},"excerpt":{"rendered":"<p>Tugev M5 kruvimagnet Alpha-Xi\/X ja Race Master taskute jaoks.<\/p>\n","protected":false},"featured_media":27326,"template":"","meta":{"_acf_changed":false},"product_brand":[11262],"product_cat":[1002,1003,1004],"product_tag":[],"class_list":{"0":"post-44820","1":"product","2":"type-product","3":"status-publish","4":"has-post-thumbnail","6":"product_brand-doublealpha","7":"product_cat-holster-et","8":"product_cat-holster-accessories-et","9":"product_cat-sport-holster-et","11":"first","12":"instock","13":"taxable","14":"shipping-taxable","15":"purchasable","16":"product-type-simple"},"acf":[],"_links":{"self":[{"href":"https:\/\/staging.nbg.eu\/et\/wp-json\/wp\/v2\/product\/44820","targetHints":{"allow":["GET"]}}],"collection":[{"href":"https:\/\/staging.nbg.eu\/et\/wp-json\/wp\/v2\/product"}],"about":[{"href":"https:\/\/staging.nbg.eu\/et\/wp-json\/wp\/v2\/types\/product"}],"wp:featuredmedia":[{"embeddable":true,"href":"https:\/\/staging.nbg.eu\/et\/wp-json\/wp\/v2\/media\/27326"}],"wp:attachment":[{"href":"https:\/\/staging.nbg.eu\/et\/wp-json\/wp\/v2\/media?parent=44820"}],"wp:term":[{"taxonomy":"product_brand","embeddable":true,"href":"https:\/\/staging.nbg.eu\/et\/wp-json\/wp\/v2\/product_brand?post=44820"},{"taxonomy":"product_cat","embeddable":true,"href":"https:\/\/staging.nbg.eu\/et\/wp-json\/wp\/v2\/product_cat?post=44820"},{"taxonomy":"product_tag","embeddable":true,"href":"https:\/\/staging.nbg.eu\/et\/wp-json\/wp\/v2\/product_tag?post=44820"}],"curies":[{"name":"wp","href":"https:\/\/api.w.org\/{rel}","templated":true}]}}