{"id":44798,"date":"2024-08-18T09:35:16","date_gmt":"2024-08-18T09:35:16","guid":{"rendered":"https:\/\/staging.nbg.eu\/product\/daa-4-pack-magnetic-collars-for-primer-tube\/"},"modified":"2024-09-10T11:05:40","modified_gmt":"2024-09-10T11:05:40","slug":"daa-4-pakk-magnetilised-kinnitusrongad-sueuetepulbritorudele","status":"publish","type":"product","link":"https:\/\/staging.nbg.eu\/et\/toode\/daa-4-pakk-magnetilised-kinnitusrongad-sueuetepulbritorudele\/","title":{"rendered":"Daa 4-Pakk Magnetilised Kinnitusr\u00f5ngad S\u00fc\u00fctepulbritorudele"},"content":{"rendered":"<div class=\"product-description\">\n<h2>DAA 4-pakk magnetkraesid s\u00fctikutorude jaoks<\/h2>\n<p>Suurendage oma relvapadrunite taaslaadimise t\u00f5husust DAA 4-pakk magnetkraedega, mis on loodud spetsiaalselt kasutamiseks Dilloni kogumistorudega ja PRIMER-PRO s\u00fctiku kollektoriga.<\/p>\n<ul>\n<li>Komplekt sisaldab 4 pol\u00fcmeerkraed kinnistatud magnetite ja seadekruvidega<\/li>\n<li>\u00dchildub Dilloni s\u00fctikutorudega<\/li>\n<li>Ideaalne mitme toru eelt\u00e4itmiseks enne taaslaadimissessioone<\/li>\n<li>K\u00f5rvaldab vajaduse sageli PRIMER-PRO seadme juurde naasta<\/li>\n<li>T\u00e4iuslik t\u00e4iendus PRIMER-PRO-le, mis tarnitakse \u00fche magnetkraega<\/li>\n<\/ul>\n<p><strong>M\u00e4rkus:<\/strong> S\u00fctikutorud EI OLE kaasas.<\/p>\n<p>Optimeerige oma taaslaadimise t\u00f6\u00f6voogu ja s\u00e4\u00e4stke aega nende t\u00e4iendavate magnetkraedega, mis v\u00f5imaldavad teil ette valmistada mitu s\u00fctikutoru.<\/p>\n<\/div>\n","protected":false},"excerpt":{"rendered":"<p>4 magnetilist kaelarihma Dilloni s\u00fc\u00fctepadruni torudele. Kasutamiseks koos PRIMER-PRO-ga.<\/p>\n","protected":false},"featured_media":27349,"template":"","meta":{"_acf_changed":false},"product_brand":[11262],"product_cat":[1060,1224],"product_tag":[],"class_list":{"0":"post-44798","1":"product","2":"type-product","3":"status-publish","4":"has-post-thumbnail","6":"product_brand-doublealpha","7":"product_cat-reloading-et","8":"product_cat-reloading-accessories-et","10":"first","11":"outofstock","12":"taxable","13":"shipping-taxable","14":"purchasable","15":"product-type-simple"},"acf":[],"_links":{"self":[{"href":"https:\/\/staging.nbg.eu\/et\/wp-json\/wp\/v2\/product\/44798","targetHints":{"allow":["GET"]}}],"collection":[{"href":"https:\/\/staging.nbg.eu\/et\/wp-json\/wp\/v2\/product"}],"about":[{"href":"https:\/\/staging.nbg.eu\/et\/wp-json\/wp\/v2\/types\/product"}],"wp:featuredmedia":[{"embeddable":true,"href":"https:\/\/staging.nbg.eu\/et\/wp-json\/wp\/v2\/media\/27349"}],"wp:attachment":[{"href":"https:\/\/staging.nbg.eu\/et\/wp-json\/wp\/v2\/media?parent=44798"}],"wp:term":[{"taxonomy":"product_brand","embeddable":true,"href":"https:\/\/staging.nbg.eu\/et\/wp-json\/wp\/v2\/product_brand?post=44798"},{"taxonomy":"product_cat","embeddable":true,"href":"https:\/\/staging.nbg.eu\/et\/wp-json\/wp\/v2\/product_cat?post=44798"},{"taxonomy":"product_tag","embeddable":true,"href":"https:\/\/staging.nbg.eu\/et\/wp-json\/wp\/v2\/product_tag?post=44798"}],"curies":[{"name":"wp","href":"https:\/\/api.w.org\/{rel}","templated":true}]}}