{"id":44776,"date":"2024-08-18T09:35:34","date_gmt":"2024-08-18T09:35:34","guid":{"rendered":"https:\/\/staging.nbg.eu\/product\/mr-bulletfeeder-pro-dropper-assembly-9-38s\/"},"modified":"2024-09-10T10:58:54","modified_gmt":"2024-09-10T10:58:54","slug":"mr-bulletfeeder-pro-langeti-komplekt-938s","status":"publish","type":"product","link":"https:\/\/staging.nbg.eu\/et\/toode\/mr-bulletfeeder-pro-langeti-komplekt-938s\/","title":{"rendered":"Mr. Bulletfeeder Pro Langeti Komplekt 9\/38S"},"content":{"rendered":"<p>T\u00e4iustage oma relvapadrunitootmise varustust <strong>Mr. Bulletfeeder Pro Dropper Assembly 9\/38S<\/strong> seadmega. See t\u00e4iustatud komponent sisaldab j\u00e4rgmisi omadusi:<\/p>\n<ul>\n<li>T\u00e4iustatud gravitatsioonij\u00f5ul p\u00f5hinev toimivus<\/li>\n<li>Topeltpikkusega messingosa suurema kaalu ja usaldusv\u00e4\u00e4rsuse tagamiseks<\/li>\n<li>T\u00e4isterasest stantsiosa lisatud vastupidavuse jaoks<\/li>\n<li>V\u00e4ldib ummistusi, mis on p\u00f5hjustatud etteande vedru pingutusest v\u00f5i h\u00f5\u00f5rdumisest<\/li>\n<li>M\u00f5eldud suure mahuga relvapadrunitootjatele<\/li>\n<\/ul>\n<p>Kogege \u00fchtlast ja t\u00f5husat kuulide etteandmist selle professionaalse taseme dropper-seadmega.<\/p>\n","protected":false},"excerpt":{"rendered":"<p>T\u00e4iustatud, raskem kuulilaadurin usaldusv\u00e4\u00e4rseks padrunite etteandmiseks. Vastupidavad terasosad.<\/p>\n","protected":false},"featured_media":27372,"template":"","meta":{"_acf_changed":false},"product_brand":[11262],"product_cat":[1060,1224],"product_tag":[],"class_list":{"0":"post-44776","1":"product","2":"type-product","3":"status-publish","4":"has-post-thumbnail","6":"product_brand-doublealpha","7":"product_cat-reloading-et","8":"product_cat-reloading-accessories-et","10":"first","11":"outofstock","12":"taxable","13":"shipping-taxable","14":"purchasable","15":"product-type-simple"},"acf":[],"_links":{"self":[{"href":"https:\/\/staging.nbg.eu\/et\/wp-json\/wp\/v2\/product\/44776","targetHints":{"allow":["GET"]}}],"collection":[{"href":"https:\/\/staging.nbg.eu\/et\/wp-json\/wp\/v2\/product"}],"about":[{"href":"https:\/\/staging.nbg.eu\/et\/wp-json\/wp\/v2\/types\/product"}],"wp:featuredmedia":[{"embeddable":true,"href":"https:\/\/staging.nbg.eu\/et\/wp-json\/wp\/v2\/media\/27372"}],"wp:attachment":[{"href":"https:\/\/staging.nbg.eu\/et\/wp-json\/wp\/v2\/media?parent=44776"}],"wp:term":[{"taxonomy":"product_brand","embeddable":true,"href":"https:\/\/staging.nbg.eu\/et\/wp-json\/wp\/v2\/product_brand?post=44776"},{"taxonomy":"product_cat","embeddable":true,"href":"https:\/\/staging.nbg.eu\/et\/wp-json\/wp\/v2\/product_cat?post=44776"},{"taxonomy":"product_tag","embeddable":true,"href":"https:\/\/staging.nbg.eu\/et\/wp-json\/wp\/v2\/product_tag?post=44776"}],"curies":[{"name":"wp","href":"https:\/\/api.w.org\/{rel}","templated":true}]}}