{"id":44728,"date":"2024-08-18T09:36:04","date_gmt":"2024-08-18T09:36:04","guid":{"rendered":"https:\/\/staging.nbg.eu\/product\/lynx-belt-buckle-roll-pins-50bag\/"},"modified":"2024-09-10T09:19:21","modified_gmt":"2024-09-10T09:19:21","slug":"lynx-voeoepandla-rulltihvtid-50kott","status":"publish","type":"product","link":"https:\/\/staging.nbg.eu\/et\/toode\/lynx-voeoepandla-rulltihvtid-50kott\/","title":{"rendered":"Lynx V\u00f6\u00f6pandla Rulltihvtid (50Kott)"},"content":{"rendered":"<p>\nAsendustihvtid Lynxi v\u00f6\u00f6pannalde jaoks. Komplektis 50 tihvti. H\u00e4davajalikud Lynxi v\u00f6\u00f6 kokkupanekuks ja parandamiseks. Tagavad kindla kinnituse teie Lynxi pandlale.<\/p>\n","protected":false},"excerpt":{"rendered":"<p>Lynxi v\u00f6\u00f6pannalde rullikud (50 tk kotis): Lisarullikud teie Lynxi v\u00f6\u00f6dele.<\/p>\n","protected":false},"featured_media":27441,"template":"","meta":{"_acf_changed":false},"product_brand":[11262],"product_cat":[542,1098],"product_tag":[],"class_list":{"0":"post-44728","1":"product","2":"type-product","3":"status-publish","4":"has-post-thumbnail","6":"product_brand-doublealpha","7":"product_cat-gear-et","8":"product_cat-sports-belts-et","10":"first","11":"instock","12":"taxable","13":"shipping-taxable","14":"purchasable","15":"product-type-simple"},"acf":[],"_links":{"self":[{"href":"https:\/\/staging.nbg.eu\/et\/wp-json\/wp\/v2\/product\/44728","targetHints":{"allow":["GET"]}}],"collection":[{"href":"https:\/\/staging.nbg.eu\/et\/wp-json\/wp\/v2\/product"}],"about":[{"href":"https:\/\/staging.nbg.eu\/et\/wp-json\/wp\/v2\/types\/product"}],"wp:featuredmedia":[{"embeddable":true,"href":"https:\/\/staging.nbg.eu\/et\/wp-json\/wp\/v2\/media\/27441"}],"wp:attachment":[{"href":"https:\/\/staging.nbg.eu\/et\/wp-json\/wp\/v2\/media?parent=44728"}],"wp:term":[{"taxonomy":"product_brand","embeddable":true,"href":"https:\/\/staging.nbg.eu\/et\/wp-json\/wp\/v2\/product_brand?post=44728"},{"taxonomy":"product_cat","embeddable":true,"href":"https:\/\/staging.nbg.eu\/et\/wp-json\/wp\/v2\/product_cat?post=44728"},{"taxonomy":"product_tag","embeddable":true,"href":"https:\/\/staging.nbg.eu\/et\/wp-json\/wp\/v2\/product_tag?post=44728"}],"curies":[{"name":"wp","href":"https:\/\/api.w.org\/{rel}","templated":true}]}}