{"id":44706,"date":"2024-08-18T09:36:21","date_gmt":"2024-08-18T09:36:21","guid":{"rendered":"https:\/\/staging.nbg.eu\/product\/ced-deluxe-quick-patch-tape-gun\/"},"modified":"2024-09-10T09:15:55","modified_gmt":"2024-09-10T09:15:55","slug":"ced-deluxe-kiirparanduse-teip-puestol","status":"publish","type":"product","link":"https:\/\/staging.nbg.eu\/et\/toode\/ced-deluxe-kiirparanduse-teip-puestol\/","title":{"rendered":"Ced Deluxe Kiirparanduse Teip P\u00fcstol"},"content":{"rendered":"<p>Tutvustame CED Deluxe Quick Patch teibip\u00fcstolit: parim lahendus m\u00e4rklaua aukude parandamiseks!<\/p>\n<ul>\n<li>Kiirem ja lihtsam kui k\u00e4sitsi parandamine<\/li>\n<li>\u00dchildub enamiku t\u00e4ism\u00f5\u00f5dus lappidega<\/li>\n<li>Lihtne pigista-ja-vabasta kasutamine<\/li>\n<li>Kerge sihtida, kasutada ja uuesti laadida<\/li>\n<li>Suurendab t\u00f5husust ja s\u00e4\u00e4stab aega<\/li>\n<li>L\u00f5bus ja vaevatu kasutada<\/li>\n<\/ul>\n<p>T\u00e4iusta oma m\u00e4rklaua harjutusi CED Deluxe teibip\u00fcstoliga &#8211; k\u00f5ik-\u00fches t\u00f6\u00f6riist kiireks ja t\u00f5husaks parandamiseks!<\/p>\n","protected":false},"excerpt":{"rendered":"<p>T\u00f5hus m\u00e4rklaua lappimise t\u00f6\u00f6riist. Lihtne kasutada, laadida ja sihtida. L\u00f5bus!<\/p>\n","protected":false},"featured_media":27510,"template":"","meta":{"_acf_changed":false},"product_brand":[11262],"product_cat":[1127,1128,1129],"product_tag":[],"class_list":{"0":"post-44706","1":"product","2":"type-product","3":"status-publish","4":"has-post-thumbnail","6":"product_brand-doublealpha","7":"product_cat-paper-targets-et","8":"product_cat-patches-patchguns-et","9":"product_cat-targets-et","11":"first","12":"instock","13":"taxable","14":"shipping-taxable","15":"purchasable","16":"product-type-simple"},"acf":[],"_links":{"self":[{"href":"https:\/\/staging.nbg.eu\/et\/wp-json\/wp\/v2\/product\/44706","targetHints":{"allow":["GET"]}}],"collection":[{"href":"https:\/\/staging.nbg.eu\/et\/wp-json\/wp\/v2\/product"}],"about":[{"href":"https:\/\/staging.nbg.eu\/et\/wp-json\/wp\/v2\/types\/product"}],"wp:featuredmedia":[{"embeddable":true,"href":"https:\/\/staging.nbg.eu\/et\/wp-json\/wp\/v2\/media\/27510"}],"wp:attachment":[{"href":"https:\/\/staging.nbg.eu\/et\/wp-json\/wp\/v2\/media?parent=44706"}],"wp:term":[{"taxonomy":"product_brand","embeddable":true,"href":"https:\/\/staging.nbg.eu\/et\/wp-json\/wp\/v2\/product_brand?post=44706"},{"taxonomy":"product_cat","embeddable":true,"href":"https:\/\/staging.nbg.eu\/et\/wp-json\/wp\/v2\/product_cat?post=44706"},{"taxonomy":"product_tag","embeddable":true,"href":"https:\/\/staging.nbg.eu\/et\/wp-json\/wp\/v2\/product_tag?post=44706"}],"curies":[{"name":"wp","href":"https:\/\/api.w.org\/{rel}","templated":true}]}}